{"id":4399,"date":"2020-06-25T12:42:59","date_gmt":"2020-06-25T10:42:59","guid":{"rendered":"https:\/\/www.villamiami.fr\/in-der-villa\/"},"modified":"2022-09-27T18:13:53","modified_gmt":"2022-09-27T16:13:53","slug":"in-der-villa","status":"publish","type":"page","link":"https:\/\/www.villamiami.fr\/de\/in-der-villa\/","title":{"rendered":"In der Villa"},"content":{"rendered":"<p>[vc_row][vc_column]<div style=\"background-color:;height: 80px\" class=\"nicdark_section  \"><\/div> <h1 style=\"color:;padding:px;text-align:center;font-size:50px;line-height:px;letter-spacing: px;font-weight:lighter\" class=\"   nd_options_first_font \">IN DER VILLA<\/h1> <div style=\"background-color:;height: 30px\" class=\"nicdark_section  \"><\/div> <p style=\"color:;padding:px;text-align:center;font-size:px;line-height:px;letter-spacing: 2px;font-weight:lighter\" class=\"  nd_options_font_size_40_important_all_iphone nd_options_line_height_40_important_all_iphone nd_options_second_font \">- VILLA MIAMI -<\/p> [\/vc_column][\/vc_row][vc_row][vc_column]<div style=\"background-color:;height: 30px\" class=\"nicdark_section  \"><\/div>[vc_column_text]<\/p>\n<p style=\"text-align: center;\">Die Villa Miami bietet Ihnen Themenwochen an, die auf Ihre W\u00fcnsche abgestimmt sind,<br \/>\nz\u00f6gern Sie nicht, uns f\u00fcr genauere Anfragen zu kontaktieren&#8230; .<\/p>\n<p>[\/vc_column_text][\/vc_column][\/vc_row][vc_row css=&#8220;.vc_custom_1557317033394{margin-top: 50px !important;margin-bottom: 50px !important;}&#8220;][vc_column css=&#8220;.vc_custom_1499951634504{padding-right: 0px !important;padding-left: 0px !important;}&#8220;]<div class=\"nd_options_section nd_options_masonry_content  \">\n\n\t<div class=\" nd_options_width_33_percentage nd_options_float_left nd_options_padding_15 nd_options_postgrid_posts_layout_4 nd_options_box_sizing_border_box nd_options_masonry_item nd_options_width_100_percentage_responsive\">\n\t    \n\t    <div class=\"nd_options_section nd_options_padding_40 nd_options_box_sizing_border_box nd_options_background_size_cover\" style=\"background-image:url(https:\/\/www.villamiami.fr\/wp-content\/uploads\/2020\/06\/stations-bees_6197739_2.jpg)\">\n            <div class=\"nd_options_section nd_options_bg_white_alpha_97 nd_options_padding_40 nd_options_box_sizing_border_box nd_options_text_align_center\">\n                <h3 class=\"nd_options_color_grey\">DIE WOCHE 100% M\u00c4DCHEN<\/h3>\n                <div class=\"nd_options_section nd_options_height_20\"><\/div>\n                <h5 class=\"nd_options_color_grey\">Juni 25, 2020<\/h5>\n                <div class=\"nd_options_section nd_options_height_20\"><\/div>\n                <div class=\"nd_options_section nd_options_line_height_0\"><span class=\"nd_options_height_2 nd_options_width_30 nd_options_display_inline_block nd_options_bg_grey_3\"><\/span><\/div>\n                <p class=\"nd_options_display_none nd_options_postgrid_posts_layout_4_divider\">x<\/p>\n                <div class=\"nd_options_section nd_options_height_20\"><\/div>\n                <p>Eine Woche, die von einer Frau organisiert wurde!<\/p>\n                <div class=\"nd_options_section nd_options_height_20\"><\/div>\n                <a class=\"nd_options_display_inline_block nd_options_border_1_solid_grey nd_options_text_align_center nd_options_line_height_16 nd_options_box_sizing_border_box  nd_options_color_grey nd_options_first_font nd_options_padding_10_20\" href=\"https:\/\/www.villamiami.fr\/de\/die-woche-100-maedchen\/\">WEITERLESEN<\/a>\n            <\/div>\n        <\/div>\n\n\t<\/div>\n\n  \n\n\t<div class=\" nd_options_width_33_percentage nd_options_float_left nd_options_padding_15 nd_options_postgrid_posts_layout_4 nd_options_box_sizing_border_box nd_options_masonry_item nd_options_width_100_percentage_responsive\">\n\t    \n\t    <div class=\"nd_options_section nd_options_padding_40 nd_options_box_sizing_border_box nd_options_background_size_cover\" style=\"background-image:url(https:\/\/www.villamiami.fr\/wp-content\/uploads\/2020\/06\/scooter.jpg)\">\n            <div class=\"nd_options_section nd_options_bg_white_alpha_97 nd_options_padding_40 nd_options_box_sizing_border_box nd_options_text_align_center\">\n                <h3 class=\"nd_options_color_grey\">DIE WOCHE DES ROS\u00c9<\/h3>\n                <div class=\"nd_options_section nd_options_height_20\"><\/div>\n                <h5 class=\"nd_options_color_grey\">Juni 25, 2020<\/h5>\n                <div class=\"nd_options_section nd_options_height_20\"><\/div>\n                <div class=\"nd_options_section nd_options_line_height_0\"><span class=\"nd_options_height_2 nd_options_width_30 nd_options_display_inline_block nd_options_bg_grey_3\"><\/span><\/div>\n                <p class=\"nd_options_display_none nd_options_postgrid_posts_layout_4_divider\">x<\/p>\n                <div class=\"nd_options_section nd_options_height_20\"><\/div>\n                <p>Entdecken Sie unsere Regionalen Ros\u00e9s!<\/p>\n                <div class=\"nd_options_section nd_options_height_20\"><\/div>\n                <a class=\"nd_options_display_inline_block nd_options_border_1_solid_grey nd_options_text_align_center nd_options_line_height_16 nd_options_box_sizing_border_box  nd_options_color_grey nd_options_first_font nd_options_padding_10_20\" href=\"https:\/\/www.villamiami.fr\/de\/die-woche-des-rose\/\">WEITERLESEN<\/a>\n            <\/div>\n        <\/div>\n\n\t<\/div>\n\n  <\/div>[\/vc_column][\/vc_row]<\/p>\n","protected":false},"excerpt":{"rendered":"<p>[vc_row][vc_column][\/vc_column][\/vc_row][vc_row][vc_column][vc_column_text] Die Villa Miami bietet Ihnen Themenwochen an, die auf Ihre W\u00fcnsche abgestimmt sind, z\u00f6gern Sie nicht, uns f\u00fcr genauere Anfragen zu kontaktieren&#8230; . [\/vc_column_text][\/vc_column][\/vc_row][vc_row css=&#8220;.vc_custom_1557317033394{margin-top: 50px !important;margin-bottom: 50px !important;}&#8220;][vc_column css=&#8220;.vc_custom_1499951634504{padding-right: 0px !important;padding-left: 0px !important;}&#8220;][\/vc_column][\/vc_row]<\/p>\n","protected":false},"author":1,"featured_media":0,"parent":0,"menu_order":0,"comment_status":"closed","ping_status":"closed","template":"","meta":{"footnotes":""},"class_list":["post-4399","page","type-page","status-publish","hentry"],"_links":{"self":[{"href":"https:\/\/www.villamiami.fr\/de\/wp-json\/wp\/v2\/pages\/4399","targetHints":{"allow":["GET"]}}],"collection":[{"href":"https:\/\/www.villamiami.fr\/de\/wp-json\/wp\/v2\/pages"}],"about":[{"href":"https:\/\/www.villamiami.fr\/de\/wp-json\/wp\/v2\/types\/page"}],"author":[{"embeddable":true,"href":"https:\/\/www.villamiami.fr\/de\/wp-json\/wp\/v2\/users\/1"}],"replies":[{"embeddable":true,"href":"https:\/\/www.villamiami.fr\/de\/wp-json\/wp\/v2\/comments?post=4399"}],"version-history":[{"count":2,"href":"https:\/\/www.villamiami.fr\/de\/wp-json\/wp\/v2\/pages\/4399\/revisions"}],"predecessor-version":[{"id":5467,"href":"https:\/\/www.villamiami.fr\/de\/wp-json\/wp\/v2\/pages\/4399\/revisions\/5467"}],"wp:attachment":[{"href":"https:\/\/www.villamiami.fr\/de\/wp-json\/wp\/v2\/media?parent=4399"}],"curies":[{"name":"wp","href":"https:\/\/api.w.org\/{rel}","templated":true}]}}