{"id":4438,"date":"2020-09-30T09:47:56","date_gmt":"2020-09-30T07:47:56","guid":{"rendered":"https:\/\/www.villamiami.fr\/gastronomie\/"},"modified":"2022-09-27T17:54:41","modified_gmt":"2022-09-27T15:54:41","slug":"gastronomie","status":"publish","type":"page","link":"https:\/\/www.villamiami.fr\/de\/gastronomie\/","title":{"rendered":"Gastronomie"},"content":{"rendered":"<p>[vc_row][vc_column]<div style=\"background-color:;height: 80px\" class=\"nicdark_section  \"><\/div> <h1 style=\"color:;padding:px;text-align:center;font-size:50px;line-height:px;letter-spacing: px;font-weight:lighter\" class=\"   nd_options_first_font \">GASTRONOMIE<\/h1> <div style=\"background-color:;height: 30px\" class=\"nicdark_section  \"><\/div> <p style=\"color:;padding:px;text-align:center;font-size:px;line-height:px;letter-spacing: 2px;font-weight:lighter\" class=\"  nd_options_font_size_40_important_all_iphone nd_options_line_height_40_important_all_iphone nd_options_second_font \">- VILLA MIAMI -<\/p> [\/vc_column][\/vc_row][vc_row][vc_column]<div style=\"background-color:;height: 30px\" class=\"nicdark_section  \"><\/div>[vc_column_text]<\/p>\n<p style=\"text-align: center;\">Die sch\u00f6ne Kunst des Essens ist eine warme Kunst, es ist die Kunst, Essen zu nutzen, um gl\u00fccklich zu machen.<\/p>\n<p style=\"text-align: center;\">Die Villa Miami freut sich, Ihnen einige gute Adressen (ohne Anspruch auf Vollst\u00e4ndigkeit) der Gastronomie, des einfachen und lebenswichtigen Vergn\u00fcgens, sich zu ern\u00e4hren und jedes Nahrungsmittel in einem Ambiente zu genie\u00dfen, das Sie in Welten der Flucht tr\u00e4gt, mitteilen zu k\u00f6nnen.<\/p>\n<p>[\/vc_column_text]<div style=\"background-color:;height: 30px\" class=\"nicdark_section  \"><\/div><div style=\"background-color:;height: 30px\" class=\"nicdark_section  \"><\/div>[\/vc_column][\/vc_row][vc_row][vc_column width=&#8220;2\/3&#8243;][vc_column_text]<\/p>\n<h3 class=\"wg-title\"><span class=\"title-line\">Restaurant<\/span> Bruno<\/h3>\n<p style=\"text-align: center;\">35 Minuten von der Villa entfernt: Unumg\u00e4nglich f\u00fcr Tr\u00fcffelliebhaber, eine sehr gro\u00dfz\u00fcgige Gastronomie, ein herzlicher Empfang und ein tadelloser Service. Sehr empfehlenswert!<\/p>\n<div class=\"textwidget\" style=\"text-align: left;\">2350 route des arcs, Le Plan Campagne Mariette,<br \/>\n83510 Lorgues &#8211; FRANCETelefon: 00 33 (0)4 94 85 93 93<br \/>\nE-Mail: contact@bruno.fr<\/div>\n<div style=\"text-align: left;\"><a href=\"https:\/\/www.restaurantbruno.com\/\">https:\/\/www.restaurantbruno.com\/<\/a><\/div>\n<p>[\/vc_column_text][\/vc_column][vc_column width=&#8220;1\/3&#8243;][vc_single_image image=&#8220;3231&#8243; img_size=&#8220;medium&#8220; alignment=&#8220;center&#8220;][\/vc_column][\/vc_row][vc_row][vc_column]<div style=\"background-color:;height: 60px\" class=\"nicdark_section  \"><\/div>[\/vc_column][\/vc_row][vc_row][vc_column width=&#8220;2\/3&#8243;][vc_column_text]<\/p>\n<h3 class=\"wg-title\"><span class=\"title-line\">Restaurant<\/span> Les Gorges du Pennafort<\/h3>\n<p style=\"text-align: center;\">20 Minuten von der Villa entfernt, ist die<span id=\"reviews\" class=\"HALYaf fwfrGd Q2hpjf KKjvXb\" role=\"tabpanel\" data-ved=\"2ahUKEwjX4aGFx5DsAhVqqFEKHWqmDDkQjc8CegUIARCDAg\" data-hveid=\"CAEQgwI\">Exzellenz in ihrer ganzen Pracht zu finden: Gerichte, die durch ihre Dekoration und ihre S\u00fc\u00dfe<\/span> bestechen.<span id=\"reviews\" class=\"HALYaf fwfrGd Q2hpjf KKjvXb\" role=\"tabpanel\" data-ved=\"2ahUKEwjX4aGFx5DsAhVqqFEKHWqmDDkQjc8CegUIARCDAg\" data-hveid=\"CAEQgwI\">Sie sind nur in ihrem Geschmack gleich. Das alles an einem authentischen Ort am Fu\u00dfe der Schluchten!<\/span><\/p>\n<div class=\"textwidget\">\n<p>8660 RD 25<br \/>\n83830 Callas<\/p>\n<p>Telefon: 00 33 (0)4 94 76 66 51<br \/>\nE-Mail: info@hostellerie-pennafort.com<\/p>\n<p><a href=\"https:\/\/www.hostellerie-pennafort.com\/fr\/contact.html\">https:\/\/www.hostellerie-pennafort.com\/fr\/contact.html<\/a><\/p>\n<\/div>\n<p>[\/vc_column_text][\/vc_column][vc_column width=&#8220;1\/3&#8243;][vc_single_image image=&#8220;3232&#8243; img_size=&#8220;medium&#8220; alignment=&#8220;center&#8220;][\/vc_column][\/vc_row][vc_row][vc_column]<div style=\"background-color:;height: 60px\" class=\"nicdark_section  \"><\/div>[\/vc_column][\/vc_row][vc_row][vc_column width=&#8220;2\/3&#8243;][vc_column_text]<\/p>\n<h3 class=\"wg-title\"><span class=\"title-line\">Restaurant<\/span> La vague d&#8217;Or<\/h3>\n<p style=\"text-align: center;\">30 Minuten von der Villa entfernt erwartet Sie eine raffinierte und schmackhafte <span class=\"review-full-text\">K\u00fcche<\/span> mit einem herrlichen Blick auf den Golf von Saint-Tropez. Die <span class=\"review-full-text\">Gerichte bestehen aus lokalen Produkten und werden von einem leidenschaftlichen Chefkoch zubereitet, der den Produkten eine Seele verleiht und sie auf einer Palette von Gem\u00e4lden pr\u00e4sentiert: die K\u00fcche eines Goldschmieds<\/span>.<\/p>\n<div class=\"textwidget\">\n<p>Cheval Blanc St-Tropez<br \/>\nStrand von La Bouillabaisse<br \/>\n83990 Saint-Tropez<\/p>\n<p>Telefon: 00 33 (0)4 94 55 91 00<br \/>\nE-Mail: info.sttropez@chevalblanc.com<\/p>\n<p><a href=\"https:\/\/www.chevalblanc.com\/fr\/maison\/st-tropez\/restaurants-et-bars\/\">https:\/\/www.chevalblanc.com\/fr\/maison\/st-tropez\/restaurants-et-bars\/<\/a><\/p>\n<\/div>\n<p>[\/vc_column_text][\/vc_column][vc_column width=&#8220;1\/3&#8243;][vc_single_image image=&#8220;3233&#8243; img_size=&#8220;medium&#8220; alignment=&#8220;center&#8220;][\/vc_column][\/vc_row][vc_row][vc_column]<div style=\"background-color:;height: 60px\" class=\"nicdark_section  \"><\/div>[\/vc_column][\/vc_row][vc_row][vc_column width=&#8220;2\/3&#8243;][vc_column_text]<\/p>\n<h3 class=\"wg-title\"><span class=\"title-line\">Restaurant<\/span> L&#8217;Op\u00e9ra<\/h3>\n<p style=\"text-align: center;\">30 Minuten von der Villa entfernt, einem Wahrzeichen von Saint-Tropez, einem Ort, an dem sich Party, Eleganz mit einem Hauch von Sinnlichkeit und raffinierte Gastronomie mit einem ausgezeichneten DJ vermischen; bevorzugen Sie den Service nach 22:30 Uhr, um sich von der musikalischen Atmosph\u00e4re mitrei\u00dfen zu lassen.<\/p>\n<div class=\"textwidget\">\n<p><span class=\"LrzXr\">Residence du Port<\/span><br \/>\n83990 Saint-Tropez<\/p>\n<p>Telefon: 00 33 (0<span class=\"LrzXr zdqRlf kno-fv\">)4 94 49 51 31<\/span><br \/>\nE-Mail: contact@opera-saint-tropez.com<\/p>\n<p><a href=\"http:\/\/www.opera-saint-tropez.com\/fr\/\">http:\/\/www.opera-saint-tropez.com\/fr\/<\/a><\/p>\n<\/div>\n<p>[\/vc_column_text][\/vc_column][vc_column width=&#8220;1\/3&#8243;][vc_single_image image=&#8220;3238&#8243; img_size=&#8220;medium&#8220; alignment=&#8220;center&#8220;][\/vc_column][\/vc_row][vc_row][vc_column]<div style=\"background-color:;height: 60px\" class=\"nicdark_section  \"><\/div>[\/vc_column][\/vc_row][vc_row][vc_column width=&#8220;2\/3&#8243;][vc_column_text]<\/p>\n<h3 class=\"wg-title\"><span class=\"title-line\">Restaurant<\/span> La R\u00e9serve Gayrard<\/h3>\n<p style=\"text-align: center;\">Nur wenige Meter von der Villa entfernt, einem Muss f\u00fcr Fischliebhaber, dinieren Sie am Wasser in einer au\u00dfergew\u00f6hnlichen Umgebung.<\/p>\n<div class=\"textwidget\">\n<p>3609 RD 559 Corniche des Issambres<\/p>\n<p>83380 Les Issambres<\/p>\n<p>Telefon: 00 33 (0<span class=\"LrzXr zdqRlf kno-fv\">)4 94 96 35 39<\/span><\/p>\n<p><a href=\"https:\/\/www.lareservegayrard.com\/\">https:\/\/www.lareservegayrard.com\/<\/a><\/p>\n<\/div>\n<p>[\/vc_column_text][\/vc_column][vc_column width=&#8220;1\/3&#8243;][vc_single_image image=&#8220;3239&#8243; img_size=&#8220;medium&#8220; alignment=&#8220;center&#8220;][\/vc_column][\/vc_row][vc_row][vc_column]<div style=\"background-color:;height: 60px\" class=\"nicdark_section  \"><\/div>[\/vc_column][\/vc_row][vc_row][vc_column width=&#8220;2\/3&#8243;][vc_column_text]<\/p>\n<h3 class=\"wg-title\"><span class=\"title-line\">Restaurant<\/span> La Ma\u00efva (in der Saison)<\/h3>\n<p style=\"text-align: center;\">5 Autominuten von der Villa entfernt, ein au\u00dfergew\u00f6hnlicher Ort mit den F\u00fc\u00dfen im Wasser, ein ausgezeichnetes Preis-Leistungs-Verh\u00e4ltnis, au\u00dfergew\u00f6hnliche Mojitos &#8222;nach unseren&#8220;, eine sehr originelle Speisekarte in Verbindung mit der Pr\u00e4sentation jedes Gerichts.<\/p>\n<div class=\"textwidget\">\n<p><span class=\"LrzXr\">Strand von La Gaillarde<\/span><br \/>\n83380 Les Issambres<\/p>\n<p>Telefon: 00 33 (0<span class=\"LrzXr zdqRlf kno-fv\">)4 94 96 82 43<\/span><\/p>\n<p><a href=\"https:\/\/www.facebook.com\/pg\/Le-Ma%C3%AFva-Plage-73590685729\/about\/\">https:\/\/www.facebook.com\/pg\/Le-Ma%C3%AFva-Plage-73590685729\/about\/<\/a><\/p>\n<\/div>\n<p>&nbsp;<\/p>\n<p>[\/vc_column_text][\/vc_column][vc_column width=&#8220;1\/3&#8243;][vc_single_image image=&#8220;3242&#8243; img_size=&#8220;medium&#8220; alignment=&#8220;center&#8220;][\/vc_column][\/vc_row][vc_row][vc_column]<div style=\"background-color:;height: 60px\" class=\"nicdark_section  \"><\/div>[\/vc_column][\/vc_row][vc_row][vc_column width=&#8220;2\/3&#8243;][vc_column_text]<\/p>\n<h3 class=\"wg-title\"><span class=\"title-line\">Restaurant<\/span> Le Quai des Issambres<\/h3>\n<p style=\"text-align: center;\">5 Minuten von der Villa entfernt, ein Ort, der das ganze Jahr \u00fcber ge\u00f6ffnet ist und in der Saison mit Musik untermalt wird, sehr angenehm!<\/p>\n<div class=\"textwidget\">\n<p><span class=\"LrzXr\">Der Hafen<\/span><br \/>\n83120 Saint-Maxime<\/p>\n<p>Telefon: 00 33 (0<span class=\"LrzXr zdqRlf kno-fv\">)9 83 55 13 30<\/span><\/p>\n<p><a href=\"https:\/\/www.facebook.com\/Le-Quai-des-Issambres-223667995033287\/\">https:\/\/www.facebook.com\/Le-Quai-des-Issambres-223667995033287\/<\/a><\/p>\n<\/div>\n<p>&nbsp;<\/p>\n<p>[\/vc_column_text][\/vc_column][vc_column width=&#8220;1\/3&#8243;][vc_single_image image=&#8220;3243&#8243; img_size=&#8220;medium&#8220; alignment=&#8220;center&#8220;][\/vc_column][\/vc_row][vc_row][vc_column]<div style=\"background-color:;height: 60px\" class=\"nicdark_section  \"><\/div>[\/vc_column][\/vc_row][vc_row][vc_column width=&#8220;2\/3&#8243;][vc_column_text]<\/p>\n<h3 class=\"wg-title\"><span class=\"title-line\">Bistro l&#8217;Antre-Potes<br \/>\n<\/span><\/h3>\n<p style=\"text-align: center;\">5 Minuten von der Villa entfernt, ein ausgezeichnetes Preis-Leistungs-Verh\u00e4ltnis, ausgezeichnete Produkte, eine sehr freundliche Atmosph\u00e4re, dieser Ort verdient seinen Namen!<\/p>\n<div class=\"textwidget\">\n<p>Stra\u00dfe des Nestes an der Sonne<br \/>\n83380 Roquebrune-sur Argens<\/p>\n<p>Telefon: <span class=\"LrzXr zdqRlf kno-fv\">06 68 99 75 87<\/span><\/p>\n<p><a href=\"https:\/\/www.facebook.com\/pages\/category\/Restaurant\/Bistro-lAntre-Potes-483244455198550\/\">https:\/\/www.facebook.com\/pages\/category\/Restaurant\/Bistro-lAntre-Potes-483244455198550\/<\/a><\/p>\n<\/div>\n<p>[\/vc_column_text][\/vc_column][vc_column width=&#8220;1\/3&#8243;][vc_single_image image=&#8220;3266&#8243; img_size=&#8220;medium&#8220; alignment=&#8220;center&#8220;][\/vc_column][\/vc_row][vc_row][vc_column]<div style=\"background-color:;height: 60px\" class=\"nicdark_section  \"><\/div>[\/vc_column][\/vc_row][vc_row][vc_column width=&#8220;2\/3&#8243;][vc_column_text]<\/p>\n<h3 class=\"wg-title\"><span class=\"title-line\">Strand-Restaurant Le Migon<br \/>\n<\/span><\/h3>\n<p style=\"text-align: center;\">30 Minuten von der Villa entfernt, einer Strohh\u00fctte im Geiste des Saint-Tropez der 70er Jahre, <span tabindex=\"0\">mit den F\u00fc\u00dfen im Wasser, um eine k\u00f6stliche Mahlzeit zu einem korrekten Preis zu genie\u00dfen, ist ein Halt<\/span>&#8230;<\/p>\n<div class=\"textwidget\">\n<p>Viertel Bonne Terrasse<br \/>\n83350 Ramatuelle<\/p>\n<p>Tel. : +33 (0) 4 94 79 93 85<br \/>\nPort. : +33 (0) 6 78 06 42 76<\/p>\n<p>E-Mail: contact@restaurant-le-migon.com<\/p>\n<p><a href=\"https:\/\/www.plage-restaurant-le-migon-golfe-saint-tropez.com\/\">https:\/\/www.plage-restaurant-le-migon-golfe-saint-tropez.com\/<\/a><\/p>\n<\/div>\n<p>[\/vc_column_text][\/vc_column][vc_column width=&#8220;1\/3&#8243;][vc_single_image image=&#8220;3268&#8243; img_size=&#8220;medium&#8220; alignment=&#8220;center&#8220;][\/vc_column][\/vc_row][vc_row][vc_column]<div style=\"background-color:;height: 60px\" class=\"nicdark_section  \"><\/div>[\/vc_column][\/vc_row][vc_row][vc_column width=&#8220;2\/3&#8243;][vc_column_text]<\/p>\n<h3 class=\"wg-title\"><span class=\"title-line\">Restaurant Les Ch\u00eanes Verts<br \/>\n<\/span><\/h3>\n<p style=\"text-align: center;\">45 Minuten von der Villa entfernt liegt<span tabindex=\"0\"> ein legend\u00e4res Restaurant mit wei\u00dfen W\u00e4nden, die mit satirischen Bildern und Zeichnungen verziert sind. Hier werden Sie mit einem L\u00e4cheln und H\u00f6flichkeit empfangen, um die Anthologie-Gerichte des unbestrittenen Meisters der schwarzen Tr\u00fcffel religi\u00f6s zu verkosten<\/span>!<\/p>\n<div class=\"textwidget\">Landstra\u00dfe Villecroze<br \/>\n83690, Tourtour<br \/>\nTelefon: 04 94 70 55 06<br \/>\n<a href=\"http:\/\/leschenesverts-tourtour.fr\/\">http:\/\/leschenesverts-tourtour.fr\/<\/a><\/div>\n<p>[\/vc_column_text][\/vc_column][vc_column width=&#8220;1\/3&#8243;][vc_single_image image=&#8220;3291&#8243; img_size=&#8220;medium&#8220; alignment=&#8220;center&#8220;][\/vc_column][\/vc_row][vc_row][vc_column]<div style=\"background-color:;height: 60px\" class=\"nicdark_section  \"><\/div>[\/vc_column][\/vc_row]<\/p>\n","protected":false},"excerpt":{"rendered":"<p>[vc_row][vc_column][\/vc_column][\/vc_row][vc_row][vc_column][vc_column_text] Die sch\u00f6ne Kunst des Essens ist eine warme Kunst, es ist die Kunst, Essen zu nutzen, um gl\u00fccklich zu machen. Die Villa Miami freut sich, Ihnen einige gute Adressen (ohne Anspruch auf Vollst\u00e4ndigkeit) der Gastronomie, des einfachen und lebenswichtigen Vergn\u00fcgens, sich zu ern\u00e4hren und jedes Nahrungsmittel in einem Ambiente zu genie\u00dfen, das Sie in [&hellip;]<\/p>\n","protected":false},"author":2,"featured_media":0,"parent":0,"menu_order":0,"comment_status":"closed","ping_status":"closed","template":"","meta":{"footnotes":""},"class_list":["post-4438","page","type-page","status-publish","hentry"],"_links":{"self":[{"href":"https:\/\/www.villamiami.fr\/de\/wp-json\/wp\/v2\/pages\/4438","targetHints":{"allow":["GET"]}}],"collection":[{"href":"https:\/\/www.villamiami.fr\/de\/wp-json\/wp\/v2\/pages"}],"about":[{"href":"https:\/\/www.villamiami.fr\/de\/wp-json\/wp\/v2\/types\/page"}],"author":[{"embeddable":true,"href":"https:\/\/www.villamiami.fr\/de\/wp-json\/wp\/v2\/users\/2"}],"replies":[{"embeddable":true,"href":"https:\/\/www.villamiami.fr\/de\/wp-json\/wp\/v2\/comments?post=4438"}],"version-history":[{"count":10,"href":"https:\/\/www.villamiami.fr\/de\/wp-json\/wp\/v2\/pages\/4438\/revisions"}],"predecessor-version":[{"id":4461,"href":"https:\/\/www.villamiami.fr\/de\/wp-json\/wp\/v2\/pages\/4438\/revisions\/4461"}],"wp:attachment":[{"href":"https:\/\/www.villamiami.fr\/de\/wp-json\/wp\/v2\/media?parent=4438"}],"curies":[{"name":"wp","href":"https:\/\/api.w.org\/{rel}","templated":true}]}}