{"id":4465,"date":"2020-05-28T17:03:05","date_gmt":"2020-05-28T15:03:05","guid":{"rendered":"https:\/\/www.villamiami.fr\/leistungen\/"},"modified":"2022-09-27T16:51:02","modified_gmt":"2022-09-27T14:51:02","slug":"leistungen","status":"publish","type":"page","link":"https:\/\/www.villamiami.fr\/de\/leistungen\/","title":{"rendered":"Leistungen"},"content":{"rendered":"<p>[vc_row][vc_column width=&#8220;6\/12&#8243; css=&#8220;.vc_custom_1467360650255{margin-top: 10px !important;margin-bottom: 10px !important;padding-top: 0px !important;padding-right: 40px !important;}&#8220;]<div style=\"background-color:;height: 10px\" class=\"nicdark_section  \"><\/div> <h1 style=\"color:;padding:px;text-align:right;font-size:40px;line-height:50px;letter-spacing: px;font-weight:lighter\" class=\"  nd_options_text_align_center_responsive_important nd_options_first_font \">Die Villa. Ihre zus\u00e4tzlichen Dienstleistungen. Ihr Fr\u00fchst\u00fcck.<\/h1> [\/vc_column][vc_column width=&#8220;3\/12&#8243; css=&#8220;.vc_custom_1467207292391{margin-top: 10px !important;margin-bottom: 10px !important;padding-top: 0px !important;}&#8220;]<div style=\"background-color:;height: 20px\" class=\"nicdark_section  \"><\/div>[vc_column_text el_class=&#8220;nd_options_text_align_center_responsive&#8220;]Bei Ihrer Ankunft haben Sie in Ihrem Zimmer einen K\u00fchlschrank, der mit 2 Flaschen Mineralwasser und 2 Flaschen Mineralwasser mit Kohlens\u00e4ure gef\u00fcllt ist.<br \/>\nDiese Getr\u00e4nke gehen auf Sie.[\/vc_column_text]<div style=\"background-color:;height: 20px\" class=\"nicdark_section  \"><\/div>[\/vc_column][vc_column width=&#8220;3\/12&#8243; css=&#8220;.vc_custom_1467207298589{margin-top: 10px !important;margin-bottom: 10px !important;padding-top: 0px !important;}&#8220;]<div style=\"background-color:;height: 20px\" class=\"nicdark_section  \"><\/div>[vc_column_text el_class=&#8220;nd_options_text_align_center_responsive&#8220;]Einmal am Tag wird der K\u00fchlschrank gekauft, aber es gibt keinen Alkohol zur Verf\u00fcgung &#8230;[\/vc_column_text]<div style=\"background-color:;height: 20px\" class=\"nicdark_section  \"><\/div>[\/vc_column][\/vc_row][vc_row][vc_column width=&#8220;1\/2&#8243;][\/vc_column][vc_column width=&#8220;1\/2&#8243;][vc_column_text el_class=&#8220;nd_options_text_align_center_responsive&#8220;]Keine Sorge: Da die Besitzer f\u00fcr ihre international anerkannte Mojitosammlung bekannt sind &#8230; Die \u00dcberlebenden k\u00f6nnen das bezeugen, lol![\/vc_column_text][\/vc_column][\/vc_row][vc_row full_width=&#8220;stretch_row&#8220; parallax=&#8220;content-moving&#8220; parallax_image=&#8220;2434&#8243; css=&#8220;.vc_custom_1590680145498{margin-top: 60px !important;padding-top: 100px !important;padding-bottom: 100px !important;}&#8220; el_class=&#8220;nd_options_vc_parallax_filter_1 nd_options_counter_section&#8220;][vc_column][vc_single_image image=&#8220;3118&#8243; img_size=&#8220;MEDIUM&#8220; alignment=&#8220;center&#8220;]<div style=\"background-color:;height: 30px\" class=\"nicdark_section  \"><\/div> <h1 style=\"color:#ffffff;padding:px;text-align:center;font-size:50px;line-height:px;letter-spacing: px;font-weight:lighter\" class=\"  nd_options_font_size_40_important_all_iphone nd_options_line_height_40_important_all_iphone nd_options_first_font \">Pr\u00e4sentationen<\/h1> [\/vc_column][\/vc_row][vc_row css=&#8220;.vc_custom_1557483931609{margin-top: 45px !important;}&#8220; el_class=&#8220;nd_options_service_section&#8220;][vc_column el_class=&#8220;nd_options_text_align_center&#8220;]<div style=\"background-color:;height: 25px\" class=\"nicdark_section  \"><\/div>\n\n    <div class=\"nd_options_section nd_options_position_relative \">\n\n        <img decoding=\"async\" style=\"top:10px\" alt=\"\" class=\"nd_options_position_absolute nd_options_left_0\" width=\"50\" src=\"https:\/\/www.villamiami.fr\/wp-content\/uploads\/2019\/05\/icon-0.png\">\n\n        <div style=\"padding-left:70px\" class=\"nd_options_section nd_options_box_sizing_border_box\">\n            \n             \n            <p class=\"nd_options_second_font  \" style=\"margin:0px 0px 15px 0px;color:;font-size:14px;line-height:24px\">Auf Wunsch servieren sie Ihnen gerne traditionelle oder neu interpretierte Mojitos im Stil der Villa Miami oder andere Cocktails oder Granitas. Auf Wunsch wird Ihnen jeden Tag ein Getr\u00e4nk angeboten. Wenn Sie weitere Getr\u00e4nke w\u00fcnschen, werden diese zus\u00e4tzlich zu Ihrem Aufenthalt berechnet. Sie k\u00f6nnen jederzeit Eisw\u00fcrfel anfordern. Au\u00dferdem k\u00f6nnen Sie Ihre eigenen Getr\u00e4nke mitbringen.<\/p> \n            \n\n        <\/div>\n\n    <\/div>\n\n  <div style=\"background-color:;height: 30px\" class=\"nicdark_section  \"><\/div>[\/vc_column][\/vc_row][vc_row css=&#8220;.vc_custom_1557483931609{margin-top: 45px !important;}&#8220; el_class=&#8220;nd_options_service_section&#8220;][vc_column width=&#8220;1\/12&#8243; el_class=&#8220;nd_options_text_align_center&#8220;][\/vc_column][vc_column width=&#8220;5\/6&#8243;]<div style=\"background-color:;height: 25px\" class=\"nicdark_section  \"><\/div>\n\n    <div class=\"nd_options_section nd_options_position_relative \">\n\n        <img decoding=\"async\" style=\"top:10px\" alt=\"\" class=\"nd_options_position_absolute nd_options_left_0\" width=\"50\" src=\"https:\/\/www.villamiami.fr\/wp-content\/uploads\/2020\/05\/breakfast.png\">\n\n        <div style=\"padding-left:70px\" class=\"nd_options_section nd_options_box_sizing_border_box\">\n            \n             \n            <p class=\"nd_options_second_font  \" style=\"margin:0px 0px 15px 0px;color:;font-size:14px;line-height:24px\">Was den wichtigsten Teil betrifft, der es Ihnen erm\u00f6glicht, einen Tag unter den besten Bedingungen zu beginnen: das Fr\u00fchst\u00fcck! Wir bieten ein traditionelles Fr\u00fchst\u00fcck an: Geb\u00e4ck, Brot, Butter und Marmelade; Milch, Tee oder Schokolade. In Ihrem Zimmer steht Ihnen eine Nespresso Vertuo Plus mit 4 Kapseln zur Verf\u00fcgung (f\u00fcr Kaffeeliebhaber: Sie k\u00f6nnen Ihre eigenen Kapseln mitbringen).<\/p> \n            \n\n        <\/div>\n\n    <\/div>\n\n  <div style=\"background-color:;height: 10px\" class=\"nicdark_section  \"><\/div>\n\n    <div class=\"nd_options_section nd_options_position_relative \">\n\n        \n\n        <div style=\"padding-left:70px\" class=\"nd_options_section nd_options_box_sizing_border_box\">\n            \n             \n            <p class=\"nd_options_second_font  \" style=\"margin:0px 0px 15px 0px;color:;font-size:14px;line-height:24px\">Au\u00dferdem werden Sie f\u00fcr die Bequemlichkeit aller gebeten, uns am Vorabend die Uhrzeit Ihres Fr\u00fchst\u00fccks mit Ihrer Wahl anzugeben.<\/p> \n            \n\n        <\/div>\n\n    <\/div>\n\n  <div style=\"background-color:;height: 25px\" class=\"nicdark_section  \"><\/div>\n\n    <div class=\"nd_options_section nd_options_position_relative \">\n\n        \n\n        <div style=\"padding-left:70px\" class=\"nd_options_section nd_options_box_sizing_border_box\">\n            \n             \n            <p class=\"nd_options_second_font  \" style=\"margin:0px 0px 15px 0px;color:;font-size:14px;line-height:24px\">Soweit m\u00f6glich, versuchen wir, Bio-Produkte zu verwenden. Wir sind keine vegetarische Villa. Wir sind keine glutenfreie Villa. Wir m\u00f6chten Ihnen keinen schlechten Aufenthalt bereiten, seien Sie versichert! Wir sind in der Lage, uns anzupassen und Ihre Erwartungen zu erf\u00fcllen, vorausgesetzt, sie werden bei der Buchung angegeben und sind in den Gesch\u00e4ften, mit denen wir regelm\u00e4\u00dfig zusammenarbeiten, leicht zug\u00e4nglich. Dieser Service bleibt jedoch au\u00dfergew\u00f6hnlich und wird als Gunst und nicht als Recht gew\u00e4hrt. Wir danken Ihnen im Voraus daf\u00fcr und w\u00fcnschen Ihnen ein k\u00f6stliches Erwachen in unserer Villa!<\/p>\n<p>\u00dcbersetzt mit www.DeepL.com\/Translator (kostenlose Version)<\/p> \n            \n\n        <\/div>\n\n    <\/div>\n\n  <div style=\"background-color:;height: 50px\" class=\"nicdark_section  \"><\/div>[\/vc_column][vc_column width=&#8220;1\/12&#8243;][\/vc_column][\/vc_row][vc_row equal_height=&#8220;yes&#8220; content_placement=&#8220;middle&#8220; css=&#8220;.vc_custom_1590681948034{background-color: #f9f9f9 !important;}&#8220;][vc_column]<div style=\"background-color:;height: 50px\" class=\"nicdark_section  \"><\/div> <h1 style=\"color:;padding:px;text-align:center;font-size:50px;line-height:px;letter-spacing: px;font-weight:lighter\" class=\"  nd_options_font_size_40_important_all_iphone nd_options_line_height_40_important_all_iphone nd_options_first_font \">FR\u00dcHST\u00dcCKSMEN\u00dc<\/h1> <div style=\"background-color:;height: 30px\" class=\"nicdark_section  \"><\/div> <p style=\"color:;padding:px;text-align:center;font-size:px;line-height:px;letter-spacing: 2px;font-weight:lighter\" class=\"  nd_options_font_size_40_important_all_iphone nd_options_line_height_40_important_all_iphone nd_options_second_font \">\u00ab Das Fr\u00fchst\u00fcck am Morgen ist ein Schatz (f\u00fcr die Gesundheit) \u00bb<\/p> <div style=\"background-color:;height: 30px\" class=\"nicdark_section  \"><\/div>[vc_column_text]<\/p>\n<p style=\"text-align: center;\">Konfit\u00fcre<\/p>\n<p style=\"text-align: center;\">Brot, Butter<\/p>\n<p style=\"text-align: center;\">Viennoiseries<\/p>\n<p style=\"text-align: center;\">Fruchts\u00e4fte<\/p>\n<p style=\"text-align: center;\">Naturjoghurt<\/p>\n<p style=\"text-align: center;\">Kaffee, Tee, Schokolade<\/p>\n<p>[\/vc_column_text]<div style=\"background-color:;height: 30px\" class=\"nicdark_section  \"><\/div>[vc_column_text]<\/p>\n<p style=\"text-align: center;\"><strong>Wir bieten auch Teller an, mit denen Sie Ihr Fr\u00fchst\u00fcck nach Ihren W\u00fcnschen gestalten k\u00f6nnen.<\/strong><br \/>\n<strong><em>Diese Option wird mit 5\u20ac pro Teller berechnet. <\/em><\/strong><\/p>\n<p>[\/vc_column_text][vc_column_text]<\/p>\n<p style=\"text-align: center;\">Schale mit frischen Fr\u00fcchten der Saison<\/p>\n<p style=\"text-align: center;\">K\u00e4seteller<br \/>\nR\u00fchrei-Teller<\/p>\n<p>[\/vc_column_text]<div style=\"background-color:;height: 50px\" class=\"nicdark_section  \"><\/div>[\/vc_column][\/vc_row][vc_row css=&#8220;.vc_custom_1492511016596{margin-top: 40px !important;margin-bottom: 20px !important;}&#8220;][vc_column el_class=&#8220;nd_options_text_align_center&#8220;]<div style=\"background-color:;height: 50px\" class=\"nicdark_section  \"><\/div>\n\t<div class=\"nd_options_section nd_options_text_align_center\">\n\t<a style=\"border: 1px solid #7e7e7e;border-radius:px;letter-spacing:4px;line-height:11px;font-size:11px;background-color:;padding:15px 20px;margin:;color:\" rel=\"\" href=\"https:\/\/www.villamiami.fr\/de\/die-zimmer\/\" class=\"nicdark_display_inline_block  nd_options_font_weight_lighter nd_options_second_font nd_options_disable_lateral_border \">SUITEN &amp; ZIMMER<\/a>\n\t<\/div>\n[\/vc_column][\/vc_row]<\/p>\n","protected":false},"excerpt":{"rendered":"<p>[vc_row][vc_column width=&#8220;6\/12&#8243; css=&#8220;.vc_custom_1467360650255{margin-top: 10px !important;margin-bottom: 10px !important;padding-top: 0px !important;padding-right: 40px !important;}&#8220;][\/vc_column][vc_column width=&#8220;3\/12&#8243; css=&#8220;.vc_custom_1467207292391{margin-top: 10px !important;margin-bottom: 10px !important;padding-top: 0px !important;}&#8220;][vc_column_text el_class=&#8220;nd_options_text_align_center_responsive&#8220;]Bei Ihrer Ankunft haben Sie in Ihrem Zimmer einen K\u00fchlschrank, der mit 2 Flaschen Mineralwasser und 2 Flaschen Mineralwasser mit Kohlens\u00e4ure gef\u00fcllt ist. Diese Getr\u00e4nke gehen auf Sie.[\/vc_column_text][\/vc_column][vc_column width=&#8220;3\/12&#8243; css=&#8220;.vc_custom_1467207298589{margin-top: 10px !important;margin-bottom: 10px !important;padding-top: 0px !important;}&#8220;][vc_column_text [&hellip;]<\/p>\n","protected":false},"author":1,"featured_media":0,"parent":0,"menu_order":0,"comment_status":"closed","ping_status":"closed","template":"","meta":{"footnotes":""},"class_list":["post-4465","page","type-page","status-publish","hentry"],"_links":{"self":[{"href":"https:\/\/www.villamiami.fr\/de\/wp-json\/wp\/v2\/pages\/4465","targetHints":{"allow":["GET"]}}],"collection":[{"href":"https:\/\/www.villamiami.fr\/de\/wp-json\/wp\/v2\/pages"}],"about":[{"href":"https:\/\/www.villamiami.fr\/de\/wp-json\/wp\/v2\/types\/page"}],"author":[{"embeddable":true,"href":"https:\/\/www.villamiami.fr\/de\/wp-json\/wp\/v2\/users\/1"}],"replies":[{"embeddable":true,"href":"https:\/\/www.villamiami.fr\/de\/wp-json\/wp\/v2\/comments?post=4465"}],"version-history":[{"count":19,"href":"https:\/\/www.villamiami.fr\/de\/wp-json\/wp\/v2\/pages\/4465\/revisions"}],"predecessor-version":[{"id":5436,"href":"https:\/\/www.villamiami.fr\/de\/wp-json\/wp\/v2\/pages\/4465\/revisions\/5436"}],"wp:attachment":[{"href":"https:\/\/www.villamiami.fr\/de\/wp-json\/wp\/v2\/media?parent=4465"}],"curies":[{"name":"wp","href":"https:\/\/api.w.org\/{rel}","templated":true}]}}