{"id":4466,"date":"2020-09-13T15:34:57","date_gmt":"2020-09-13T13:34:57","guid":{"rendered":"https:\/\/www.villamiami.fr\/der-zoellnerpfad\/"},"modified":"2022-09-27T17:27:54","modified_gmt":"2022-09-27T15:27:54","slug":"der-zoellnerpfad","status":"publish","type":"page","link":"https:\/\/www.villamiami.fr\/de\/der-zoellnerpfad\/","title":{"rendered":"Der Z\u00f6llnerpfad"},"content":{"rendered":"<p>[vc_row equal_height=&#8220;yes&#8220; content_placement=&#8220;middle&#8220; css=&#8220;.vc_custom_1589905386972{margin-top: 40px !important;background-color: #f9f9f9 !important;}&#8220;][vc_column]<div style=\"background-color:;height: 80px\" class=\"nicdark_section  \"><\/div> <h1 style=\"color:;padding:Sentiers des Douaniers et Calanquespx;text-align:center;font-size:50px;line-height:px;letter-spacing: px;font-weight:lighter\" class=\"  nd_options_font_size_40_important_all_iphone nd_options_line_height_40_important_all_iphone nd_options_first_font \">Rund um die Villa Miami<\/h1> <div style=\"background-color:;height: 30px\" class=\"nicdark_section  \"><\/div> <p style=\"color:;padding:px;text-align:center;font-size:px;line-height:px;letter-spacing: 2px;font-weight:lighter\" class=\"  nd_options_font_size_40_important_all_iphone nd_options_line_height_40_important_all_iphone nd_options_second_font \">Entdecken Sie einige der sch\u00f6nsten Calanques der K\u00fcste auf dem Sentier des Douaniers (Z\u00f6llnerpfad).<\/p>  <p style=\"color:;padding:px;text-align:center;font-size:px;line-height:px;letter-spacing: 2px;font-weight:lighter\" class=\"  nd_options_font_size_40_important_all_iphone nd_options_line_height_40_important_all_iphone nd_options_second_font \">Ein zeitloses Universum von atemberaubender Sch\u00f6nheit.<\/p> [\/vc_column][\/vc_row][vc_row equal_height=&#8220;yes&#8220; content_placement=&#8220;top&#8220; css=&#8220;.vc_custom_1589905673538{background-color: #f9f9f9 !important;}&#8220;][vc_column width=&#8220;1\/2&#8243;]<div style=\"background-color:;height: 50px\" class=\"nicdark_section  \"><\/div>[vc_column_text]Der Chemin des Douaniers f\u00fchrt durch eine Reihe von kleinen Calanques, darunter die sch\u00f6nsten der K\u00fcste zwischen Saint Tropez und Fr\u00e9jus. Sie sind so authentisch, dass Sie bei jedem Umweg \u00fcber die nat\u00fcrlichen Pools, die kleinen Str\u00e4nde und die Buchten, die Sie zum Baden fernab von jeglicher menschlicher Aktivit\u00e4t einladen, die Zeit vergessen.<\/p>\n<p>Sie k\u00f6nnen selbst die anspruchsvollsten unter Ihnen zufriedenstellen, vom Running-Liebhaber bis zum Yoga-Anh\u00e4nger. Diese Naturwunder bieten wahre Augenblicke des v\u00f6lligen Loslassens.[\/vc_column_text]<div style=\"background-color:;height: 20px\" class=\"nicdark_section  \"><\/div>[\/vc_column][vc_column width=&#8220;1\/2&#8243;]<div style=\"background-color:;height: 50px\" class=\"nicdark_section  \"><\/div>[vc_column_text]Entdecken Sie diese einzigartigen Orte am Fu\u00dfe der Villa, f\u00fcr einen Abstecher von ein paar Minuten oder ein paar Stunden&#8230; bevor Sie sich im beheizten Pool unseres Chambres d&#8217;H\u00f4tes f\u00fcr einen puren Moment der Entspannung wiederfinden.<\/p>\n<p>F\u00fcr Schnorchler sind die Orte paradiesisch: Ein sehr reicher Meeresboden, endlose Posidonienfelder, h\u00fcgelige B\u00f6den, die Sie zu au\u00dfergew\u00f6hnlichen Gorgonien f\u00fchren. Die Orte sind so sauber, dass dieses Jahr sogar wieder Schildkr\u00f6ten an einigen Str\u00e4nden in der Umgebung (Fr\u00e9jus und Saint Aygulf im Juli 2020) ihre Eier ablegten![\/vc_column_text]<div style=\"background-color:;height: 30px\" class=\"nicdark_section  \"><\/div>[\/vc_column][\/vc_row][vc_row equal_height=&#8220;yes&#8220; content_placement=&#8220;top&#8220; css=&#8220;.vc_custom_1589905690221{background-color: #f9f9f9 !important;}&#8220;][vc_column width=&#8220;1\/2&#8243;][vc_column_text][\/vc_column_text][\/vc_column][vc_column width=&#8220;1\/2&#8243;][vc_column_text][\/vc_column_text][\/vc_column][\/vc_row][vc_row equal_height=&#8220;yes&#8220; css=&#8220;.vc_custom_1590685497529{background-color: #f9f9f9 !important;}&#8220;][vc_column]<div style=\"background-color:;height: 80px\" class=\"nicdark_section  \"><\/div>[\/vc_column][\/vc_row][vc_row][vc_column]<div style=\"background-color:;height: 150px\" class=\"nicdark_section  \"><\/div> <h1 style=\"color:;padding:px;text-align:center;font-size:50px;line-height:px;letter-spacing: px;font-weight:lighter\" class=\"  nd_options_font_size_40_important_all_iphone nd_options_line_height_40_important_all_iphone nd_options_first_font \">Z\u00d6LLNERPFAD<\/h1> <div style=\"background-color:;height: 30px\" class=\"nicdark_section  \"><\/div> <p style=\"color:;padding:px;text-align:center;font-size:px;line-height:px;letter-spacing: 2px;font-weight:lighter\" class=\"  nd_options_font_size_40_important_all_iphone nd_options_line_height_40_important_all_iphone nd_options_second_font \">Dieser unter dem Zweiten Kaiserreich angelegte Pfad, den die Z\u00f6llner w\u00e4hrend der Revolution zur \u00dcberwachung der K\u00fcste des Departements Var nutzten, f\u00fchrt Sie zu Sandstr\u00e4nden, Buchten und Calanques.<\/p> [\/vc_column][\/vc_row][vc_row][vc_column]<div style=\"background-color:;height: 25px\" class=\"nicdark_section  \"><\/div>[vc_column_text]<\/p>\n<div id=\"attachment_4186\" style=\"width: 310px\" class=\"wp-caption aligncenter\"><img loading=\"lazy\" decoding=\"async\" aria-describedby=\"caption-attachment-4186\" class=\"size-medium wp-image-3155\" src=\"https:\/\/www.villamiami.fr\/wp-content\/uploads\/2020\/09\/VILLA-PHOTO-CALANQUES-issambres-300x200.jpg\" alt=\"Z\u00f6llnerpfad\" width=\"300\" height=\"200\" srcset=\"https:\/\/www.villamiami.fr\/wp-content\/uploads\/2020\/09\/VILLA-PHOTO-CALANQUES-issambres-300x200.jpg 300w, https:\/\/www.villamiami.fr\/wp-content\/uploads\/2020\/09\/VILLA-PHOTO-CALANQUES-issambres-768x513.jpg 768w, https:\/\/www.villamiami.fr\/wp-content\/uploads\/2020\/09\/VILLA-PHOTO-CALANQUES-issambres-600x401.jpg 600w, https:\/\/www.villamiami.fr\/wp-content\/uploads\/2020\/09\/VILLA-PHOTO-CALANQUES-issambres.jpg 850w\" sizes=\"auto, (max-width: 300px) 100vw, 300px\" \/><p id=\"caption-attachment-4186\" class=\"wp-caption-text\">Entdecken Sie den Pfad der Z\u00f6llner, der nur wenige Meter von der Villa Miami entfernt ist!<\/p><\/div>\n<p>[\/vc_column_text][vc_column_text]Auf dem Z\u00f6llnerpfad in Les Issambres k\u00f6nnen Sie die Flora und Fauna der Meeresk\u00fcste entdecken. Sie k\u00f6nnen den unter Denkmalschutz stehenden gallo-r\u00f6mischen Fischteich entdecken, in dem Fische gefangen und f\u00fcr Markttage oder gro\u00dfe r\u00f6mische Feste frisch gehalten wurden. Es handelt sich um den sch\u00f6nsten gallischen Fischteich, der bislang in Frankreich bekannt ist.[\/vc_column_text]<div style=\"background-color:;height: 30px\" class=\"nicdark_section  \"><\/div><div style=\"background-color:;height: 30px\" class=\"nicdark_section  \"><\/div> <h1 style=\"color:;padding:px;text-align:center;font-size:50px;line-height:px;letter-spacing: px;font-weight:lighter\" class=\"  nd_options_font_size_40_important_all_iphone nd_options_line_height_40_important_all_iphone nd_options_first_font \">DIE CALANQUES<\/h1> <div style=\"background-color:;height: 30px\" class=\"nicdark_section  \"><\/div> <p style=\"color:;padding:px;text-align:center;font-size:px;line-height:px;letter-spacing: 2px;font-weight:lighter\" class=\"  nd_options_font_size_40_important_all_iphone nd_options_line_height_40_important_all_iphone nd_options_second_font \">Nur wenige Meter von der Villa Miami entfernt befindet sich ein kleiner Sandstrand. Dieser friedliche Strand in Les Issambres ist etwa 50 m breit und geh\u00f6rt zu einer der vielen Buchten, die in diesem Badeort im Departement Var zug\u00e4nglich sind.<\/p> <div style=\"background-color:;height: 30px\" class=\"nicdark_section  \"><\/div><div style=\"background-color:;height: 30px\" class=\"nicdark_section  \"><\/div>[vc_images_carousel images=&#8220;3156,3157,3158&#8243; img_size=&#8220;large&#8220; autoplay=&#8220;yes&#8220;][\/vc_column][\/vc_row][vc_row full_width=&#8220;stretch_row&#8220; parallax=&#8220;content-moving&#8220; parallax_image=&#8220;2401&#8243; css=&#8220;.vc_custom_1590673535311{margin-top: 100px !important;padding-top: 100px !important;padding-bottom: 100px !important;}&#8220; el_class=&#8220;nd_options_vc_parallax_filter_2_5&#8243;][vc_column width=&#8220;2\/3&#8243;]\n\n    <div class=\"nd_options_section nd_options_position_relative call_to_action_about_2\">\n\n        <img decoding=\"async\" style=\"top:5px\" alt=\"\" class=\"nd_options_position_absolute nd_options_left_0\" width=\"50\" src=\"https:\/\/www.villamiami.fr\/wp-content\/uploads\/2019\/05\/icon-checked-white.png\">\n\n        <div style=\"padding-left:70px\" class=\"nd_options_section nd_options_box_sizing_border_box\">\n            \n            <h3 class=\"nd_options_first_font underline_phone \" style=\"margin:;color:#ffffff;font-size:30px;line-height:30px\">kontaktieren Sie uns ! <b>+33 (0)6.37.59.25.56<\/b><\/h3> \n            <p class=\"nd_options_second_font  \" style=\"margin:10px 0px 0px 0px;color:#ffffff;font-size:17px;line-height:27px\">Buchen Sie jetzt Ihr Zimmer<\/p> \n            \n\n        <\/div>\n\n    <\/div>\n\n  [\/vc_column][vc_column width=&#8220;1\/3&#8243;]<div style=\"background-color:;height: 8px\" class=\"nicdark_section  \"><\/div>\n\t<div class=\"nd_options_section nd_options_text_align_center\">\n\t<a style=\"border: 1px solid #ffffff;border-radius:px;letter-spacing:4px;line-height:11px;font-size:11px;background-color:;padding:15px 20px;margin:;color:#ffffff\" rel=\"\" href=\"https:\/\/www.villamiami.fr\/de\/contact-reservation\/\" class=\"nicdark_display_inline_block  nd_options_font_weight_lighter nd_options_second_font nd_options_disable_lateral_border nd_options_float_left_responsive \">Kontakt<\/a>\n\t<\/div>\n[\/vc_column][\/vc_row]<\/p>\n","protected":false},"excerpt":{"rendered":"<p>[vc_row equal_height=&#8220;yes&#8220; content_placement=&#8220;middle&#8220; css=&#8220;.vc_custom_1589905386972{margin-top: 40px !important;background-color: #f9f9f9 !important;}&#8220;][vc_column][\/vc_column][\/vc_row][vc_row equal_height=&#8220;yes&#8220; content_placement=&#8220;top&#8220; css=&#8220;.vc_custom_1589905673538{background-color: #f9f9f9 !important;}&#8220;][vc_column width=&#8220;1\/2&#8243;][vc_column_text]Der Chemin des Douaniers f\u00fchrt durch eine Reihe von kleinen Calanques, darunter die sch\u00f6nsten der K\u00fcste zwischen Saint Tropez und Fr\u00e9jus. Sie sind so authentisch, dass Sie bei jedem Umweg \u00fcber die nat\u00fcrlichen Pools, die kleinen Str\u00e4nde und die Buchten, die Sie [&hellip;]<\/p>\n","protected":false},"author":2,"featured_media":0,"parent":0,"menu_order":0,"comment_status":"closed","ping_status":"closed","template":"","meta":{"footnotes":""},"class_list":["post-4466","page","type-page","status-publish","hentry"],"_links":{"self":[{"href":"https:\/\/www.villamiami.fr\/de\/wp-json\/wp\/v2\/pages\/4466","targetHints":{"allow":["GET"]}}],"collection":[{"href":"https:\/\/www.villamiami.fr\/de\/wp-json\/wp\/v2\/pages"}],"about":[{"href":"https:\/\/www.villamiami.fr\/de\/wp-json\/wp\/v2\/types\/page"}],"author":[{"embeddable":true,"href":"https:\/\/www.villamiami.fr\/de\/wp-json\/wp\/v2\/users\/2"}],"replies":[{"embeddable":true,"href":"https:\/\/www.villamiami.fr\/de\/wp-json\/wp\/v2\/comments?post=4466"}],"version-history":[{"count":12,"href":"https:\/\/www.villamiami.fr\/de\/wp-json\/wp\/v2\/pages\/4466\/revisions"}],"predecessor-version":[{"id":5449,"href":"https:\/\/www.villamiami.fr\/de\/wp-json\/wp\/v2\/pages\/4466\/revisions\/5449"}],"wp:attachment":[{"href":"https:\/\/www.villamiami.fr\/de\/wp-json\/wp\/v2\/media?parent=4466"}],"curies":[{"name":"wp","href":"https:\/\/api.w.org\/{rel}","templated":true}]}}