{"id":4513,"date":"2020-05-19T19:26:21","date_gmt":"2020-05-19T17:26:21","guid":{"rendered":"https:\/\/www.villamiami.fr\/rund-um-die-villa\/"},"modified":"2025-11-19T16:26:59","modified_gmt":"2025-11-19T15:26:59","slug":"rund-um-die-villa","status":"publish","type":"page","link":"https:\/\/www.villamiami.fr\/de\/rund-um-die-villa\/","title":{"rendered":"Rund um die Villa"},"content":{"rendered":"<p>[vc_row][vc_column]<div style=\"background-color:;height: 80px\" class=\"nicdark_section  \"><\/div> <h1 style=\"color:;padding:px;text-align:center;font-size:50px;line-height:px;letter-spacing: px;font-weight:lighter\" class=\"   nd_options_first_font \">RUND UM DIE VILLA<\/h1> <div style=\"background-color:;height: 30px\" class=\"nicdark_section  \"><\/div> <p style=\"color:;padding:px;text-align:center;font-size:px;line-height:px;letter-spacing: 2px;font-weight:lighter\" class=\"  nd_options_font_size_40_important_all_iphone nd_options_line_height_40_important_all_iphone nd_options_second_font \">- VILLA MIAMI -<\/p> [\/vc_column][\/vc_row][vc_row][vc_column]<div style=\"background-color:;height: 30px\" class=\"nicdark_section  \"><\/div>[vc_column_text]<\/p>\n<p style=\"text-align: center;\">Wir laden Sie ein, unseren Kalender f\u00fcr alle Veranstaltungen am Golf, die zwischen Mai und Oktober stattfinden, zu konsultieren :<br \/>\nJazzfestival in Ramatuelle, Klavierfestival in der Villa Miami, nicht zu vergessen die Voiles de Saint-Tropez &#8230; .<\/p>\n<p>[\/vc_column_text][\/vc_column][\/vc_row][vc_row css=&#8220;.vc_custom_1557317033394{margin-top: 50px !important;margin-bottom: 50px !important;}&#8220;][vc_column css=&#8220;.vc_custom_1499951634504{padding-right: 0px !important;padding-left: 0px !important;}&#8220;]<div class=\"nd_options_section nd_options_masonry_content  \">\n\n\t<div class=\" nd_options_width_33_percentage nd_options_float_left nd_options_padding_15 nd_options_postgrid_posts_layout_4 nd_options_box_sizing_border_box nd_options_masonry_item nd_options_width_100_percentage_responsive\">\n\t    \n\t    <div class=\"nd_options_section nd_options_padding_40 nd_options_box_sizing_border_box nd_options_background_size_cover\" style=\"background-image:url(https:\/\/www.villamiami.fr\/wp-content\/uploads\/2020\/10\/Paradis_Porsche_2014.jpg)\">\n            <div class=\"nd_options_section nd_options_bg_white_alpha_97 nd_options_padding_40 nd_options_box_sizing_border_box nd_options_text_align_center\">\n                <h3 class=\"nd_options_color_grey\">Porsche-Paradies von Saint-Tropez<\/h3>\n                <div class=\"nd_options_section nd_options_height_20\"><\/div>\n                <h5 class=\"nd_options_color_grey\">Oktober 4, 2020<\/h5>\n                <div class=\"nd_options_section nd_options_height_20\"><\/div>\n                <div class=\"nd_options_section nd_options_line_height_0\"><span class=\"nd_options_height_2 nd_options_width_30 nd_options_display_inline_block nd_options_bg_grey_3\"><\/span><\/div>\n                <p class=\"nd_options_display_none nd_options_postgrid_posts_layout_4_divider\">x<\/p>\n                <div class=\"nd_options_section nd_options_height_20\"><\/div>\n                <p>Als leidenschaftliche Porsche-Fans bieten wir Ihnen ein au\u00dfergew\u00f6hnliches Wochenende an<\/p>\n                <div class=\"nd_options_section nd_options_height_20\"><\/div>\n                <a class=\"nd_options_display_inline_block nd_options_border_1_solid_grey nd_options_text_align_center nd_options_line_height_16 nd_options_box_sizing_border_box  nd_options_color_grey nd_options_first_font nd_options_padding_10_20\" href=\"https:\/\/www.villamiami.fr\/de\/porsche-paradies-von-saint-tropez\/\">WEITERLESEN<\/a>\n            <\/div>\n        <\/div>\n\n\t<\/div>\n\n  \n\n\t<div class=\" nd_options_width_33_percentage nd_options_float_left nd_options_padding_15 nd_options_postgrid_posts_layout_4 nd_options_box_sizing_border_box nd_options_masonry_item nd_options_width_100_percentage_responsive\">\n\t    \n\t    <div class=\"nd_options_section nd_options_padding_40 nd_options_box_sizing_border_box nd_options_background_size_cover\" style=\"background-image:url(https:\/\/www.villamiami.fr\/wp-content\/uploads\/2020\/05\/voilesST.png)\">\n            <div class=\"nd_options_section nd_options_bg_white_alpha_97 nd_options_padding_40 nd_options_box_sizing_border_box nd_options_text_align_center\">\n                <h3 class=\"nd_options_color_grey\">Die Segel von Saint-Tropez<\/h3>\n                <div class=\"nd_options_section nd_options_height_20\"><\/div>\n                <h5 class=\"nd_options_color_grey\">Mai 14, 2020<\/h5>\n                <div class=\"nd_options_section nd_options_height_20\"><\/div>\n                <div class=\"nd_options_section nd_options_line_height_0\"><span class=\"nd_options_height_2 nd_options_width_30 nd_options_display_inline_block nd_options_bg_grey_3\"><\/span><\/div>\n                <p class=\"nd_options_display_none nd_options_postgrid_posts_layout_4_divider\">x<\/p>\n                <div class=\"nd_options_section nd_options_height_20\"><\/div>\n                <p>die Soci\u00e9t\u00e9 Nautique de Saint-Tropez f\u00fchrt eine neue Formel ein<\/p>\n                <div class=\"nd_options_section nd_options_height_20\"><\/div>\n                <a class=\"nd_options_display_inline_block nd_options_border_1_solid_grey nd_options_text_align_center nd_options_line_height_16 nd_options_box_sizing_border_box  nd_options_color_grey nd_options_first_font nd_options_padding_10_20\" href=\"https:\/\/www.villamiami.fr\/de\/die-segel-von-saint-tropez\/\">WEITERLESEN<\/a>\n            <\/div>\n        <\/div>\n\n\t<\/div>\n\n  \n\n\t<div class=\" nd_options_width_33_percentage nd_options_float_left nd_options_padding_15 nd_options_postgrid_posts_layout_4 nd_options_box_sizing_border_box nd_options_masonry_item nd_options_width_100_percentage_responsive\">\n\t    \n\t    <div class=\"nd_options_section nd_options_padding_40 nd_options_box_sizing_border_box nd_options_background_size_cover\" style=\"background-image:url(https:\/\/www.villamiami.fr\/wp-content\/uploads\/2020\/06\/Flight.jpg)\">\n            <div class=\"nd_options_section nd_options_bg_white_alpha_97 nd_options_padding_40 nd_options_box_sizing_border_box nd_options_text_align_center\">\n                <h3 class=\"nd_options_color_grey\">Sainte-Maxime Free Flight World Masters<\/h3>\n                <div class=\"nd_options_section nd_options_height_20\"><\/div>\n                <h5 class=\"nd_options_color_grey\">Juni 16, 2020<\/h5>\n                <div class=\"nd_options_section nd_options_height_20\"><\/div>\n                <div class=\"nd_options_section nd_options_line_height_0\"><span class=\"nd_options_height_2 nd_options_width_30 nd_options_display_inline_block nd_options_bg_grey_3\"><\/span><\/div>\n                <p class=\"nd_options_display_none nd_options_postgrid_posts_layout_4_divider\">x<\/p>\n                <div class=\"nd_options_section nd_options_height_20\"><\/div>\n                <p>Nehmen Sie an dieser j\u00e4hrlichen Veranstaltung teil, der letzten Kunstflug-Challenge des Jahres.<\/p>\n                <div class=\"nd_options_section nd_options_height_20\"><\/div>\n                <a class=\"nd_options_display_inline_block nd_options_border_1_solid_grey nd_options_text_align_center nd_options_line_height_16 nd_options_box_sizing_border_box  nd_options_color_grey nd_options_first_font nd_options_padding_10_20\" href=\"https:\/\/www.villamiami.fr\/de\/sainte-maxime-free-flight-world-masters\/\">WEITERLESEN<\/a>\n            <\/div>\n        <\/div>\n\n\t<\/div>\n\n  \n\n\t<div class=\" nd_options_width_33_percentage nd_options_float_left nd_options_padding_15 nd_options_postgrid_posts_layout_4 nd_options_box_sizing_border_box nd_options_masonry_item nd_options_width_100_percentage_responsive\">\n\t    \n\t    <div class=\"nd_options_section nd_options_padding_40 nd_options_box_sizing_border_box nd_options_background_size_cover\" style=\"background-image:url(https:\/\/www.villamiami.fr\/wp-content\/uploads\/2020\/06\/VTT.jpg)\">\n            <div class=\"nd_options_section nd_options_bg_white_alpha_97 nd_options_padding_40 nd_options_box_sizing_border_box nd_options_text_align_center\">\n                <h3 class=\"nd_options_color_grey\">Roc d&#8217;Azur<\/h3>\n                <div class=\"nd_options_section nd_options_height_20\"><\/div>\n                <h5 class=\"nd_options_color_grey\">Juni 16, 2020<\/h5>\n                <div class=\"nd_options_section nd_options_height_20\"><\/div>\n                <div class=\"nd_options_section nd_options_line_height_0\"><span class=\"nd_options_height_2 nd_options_width_30 nd_options_display_inline_block nd_options_bg_grey_3\"><\/span><\/div>\n                <p class=\"nd_options_display_none nd_options_postgrid_posts_layout_4_divider\">x<\/p>\n                <div class=\"nd_options_section nd_options_height_20\"><\/div>\n                <p>Die weltweit gr\u00f6\u00dfte Mountainbike-Veranstaltung.<\/p>\n                <div class=\"nd_options_section nd_options_height_20\"><\/div>\n                <a class=\"nd_options_display_inline_block nd_options_border_1_solid_grey nd_options_text_align_center nd_options_line_height_16 nd_options_box_sizing_border_box  nd_options_color_grey nd_options_first_font nd_options_padding_10_20\" href=\"https:\/\/www.villamiami.fr\/de\/roc-dazur\/\">WEITERLESEN<\/a>\n            <\/div>\n        <\/div>\n\n\t<\/div>\n\n  \n\n\t<div class=\" nd_options_width_33_percentage nd_options_float_left nd_options_padding_15 nd_options_postgrid_posts_layout_4 nd_options_box_sizing_border_box nd_options_masonry_item nd_options_width_100_percentage_responsive\">\n\t    \n\t    <div class=\"nd_options_section nd_options_padding_40 nd_options_box_sizing_border_box nd_options_background_size_cover\" style=\"background-image:url(https:\/\/www.villamiami.fr\/wp-content\/uploads\/2020\/05\/jetCup.png)\">\n            <div class=\"nd_options_section nd_options_bg_white_alpha_97 nd_options_padding_40 nd_options_box_sizing_border_box nd_options_text_align_center\">\n                <h3 class=\"nd_options_color_grey\">Sainte Maxime Jet Cup<\/h3>\n                <div class=\"nd_options_section nd_options_height_20\"><\/div>\n                <h5 class=\"nd_options_color_grey\">Mai 14, 2020<\/h5>\n                <div class=\"nd_options_section nd_options_height_20\"><\/div>\n                <div class=\"nd_options_section nd_options_line_height_0\"><span class=\"nd_options_height_2 nd_options_width_30 nd_options_display_inline_block nd_options_bg_grey_3\"><\/span><\/div>\n                <p class=\"nd_options_display_none nd_options_postgrid_posts_layout_4_divider\">x<\/p>\n                <div class=\"nd_options_section nd_options_height_20\"><\/div>\n                <p>Sainte-Maxime startet die Er\u00f6ffnung der Saison der Jet-Ski-Wettbewerbe...<\/p>\n                <div class=\"nd_options_section nd_options_height_20\"><\/div>\n                <a class=\"nd_options_display_inline_block nd_options_border_1_solid_grey nd_options_text_align_center nd_options_line_height_16 nd_options_box_sizing_border_box  nd_options_color_grey nd_options_first_font nd_options_padding_10_20\" href=\"https:\/\/www.villamiami.fr\/de\/sainte-maxime-jet-cup\/\">WEITERLESEN<\/a>\n            <\/div>\n        <\/div>\n\n\t<\/div>\n\n  \n\n\t<div class=\" nd_options_width_33_percentage nd_options_float_left nd_options_padding_15 nd_options_postgrid_posts_layout_4 nd_options_box_sizing_border_box nd_options_masonry_item nd_options_width_100_percentage_responsive\">\n\t    \n\t    <div class=\"nd_options_section nd_options_padding_40 nd_options_box_sizing_border_box nd_options_background_size_cover\" style=\"background-image:url(https:\/\/www.villamiami.fr\/wp-content\/uploads\/2020\/06\/braderie.jpg)\">\n            <div class=\"nd_options_section nd_options_bg_white_alpha_97 nd_options_padding_40 nd_options_box_sizing_border_box nd_options_text_align_center\">\n                <h3 class=\"nd_options_color_grey\">Saint-Tropez Gro\u00dfer Ausverkauf<\/h3>\n                <div class=\"nd_options_section nd_options_height_20\"><\/div>\n                <h5 class=\"nd_options_color_grey\">Juni 16, 2020<\/h5>\n                <div class=\"nd_options_section nd_options_height_20\"><\/div>\n                <div class=\"nd_options_section nd_options_line_height_0\"><span class=\"nd_options_height_2 nd_options_width_30 nd_options_display_inline_block nd_options_bg_grey_3\"><\/span><\/div>\n                <p class=\"nd_options_display_none nd_options_postgrid_posts_layout_4_divider\">x<\/p>\n                <div class=\"nd_options_section nd_options_height_20\"><\/div>\n                <p>Die gro\u00dfe Braderie in Saint-Tropez markiert traditionell das Ende der Saison f\u00fcr die H\u00e4ndler.<\/p>\n                <div class=\"nd_options_section nd_options_height_20\"><\/div>\n                <a class=\"nd_options_display_inline_block nd_options_border_1_solid_grey nd_options_text_align_center nd_options_line_height_16 nd_options_box_sizing_border_box  nd_options_color_grey nd_options_first_font nd_options_padding_10_20\" href=\"https:\/\/www.villamiami.fr\/de\/saint-tropez-grosser-ausverkauf\/\">WEITERLESEN<\/a>\n            <\/div>\n        <\/div>\n\n\t<\/div>\n\n  <\/div>[\/vc_column][\/vc_row]<\/p>\n","protected":false},"excerpt":{"rendered":"<p>[vc_row][vc_column][\/vc_column][\/vc_row][vc_row][vc_column][vc_column_text] Wir laden Sie ein, unseren Kalender f\u00fcr alle Veranstaltungen am Golf, die zwischen Mai und Oktober stattfinden, zu konsultieren : Jazzfestival in Ramatuelle, Klavierfestival in der Villa Miami, nicht zu vergessen die Voiles de Saint-Tropez &#8230; . [\/vc_column_text][\/vc_column][\/vc_row][vc_row css=&#8220;.vc_custom_1557317033394{margin-top: 50px !important;margin-bottom: 50px !important;}&#8220;][vc_column css=&#8220;.vc_custom_1499951634504{padding-right: 0px !important;padding-left: 0px !important;}&#8220;][\/vc_column][\/vc_row]<\/p>\n","protected":false},"author":1,"featured_media":0,"parent":0,"menu_order":0,"comment_status":"closed","ping_status":"closed","template":"","meta":{"footnotes":""},"class_list":["post-4513","page","type-page","status-publish","hentry"],"_links":{"self":[{"href":"https:\/\/www.villamiami.fr\/de\/wp-json\/wp\/v2\/pages\/4513","targetHints":{"allow":["GET"]}}],"collection":[{"href":"https:\/\/www.villamiami.fr\/de\/wp-json\/wp\/v2\/pages"}],"about":[{"href":"https:\/\/www.villamiami.fr\/de\/wp-json\/wp\/v2\/types\/page"}],"author":[{"embeddable":true,"href":"https:\/\/www.villamiami.fr\/de\/wp-json\/wp\/v2\/users\/1"}],"replies":[{"embeddable":true,"href":"https:\/\/www.villamiami.fr\/de\/wp-json\/wp\/v2\/comments?post=4513"}],"version-history":[{"count":2,"href":"https:\/\/www.villamiami.fr\/de\/wp-json\/wp\/v2\/pages\/4513\/revisions"}],"predecessor-version":[{"id":5469,"href":"https:\/\/www.villamiami.fr\/de\/wp-json\/wp\/v2\/pages\/4513\/revisions\/5469"}],"wp:attachment":[{"href":"https:\/\/www.villamiami.fr\/de\/wp-json\/wp\/v2\/media?parent=4513"}],"curies":[{"name":"wp","href":"https:\/\/api.w.org\/{rel}","templated":true}]}}