{"id":4679,"date":"2020-05-19T13:59:16","date_gmt":"2020-05-19T11:59:16","guid":{"rendered":"https:\/\/www.villamiami.fr\/kontakt-reservierung\/"},"modified":"2022-10-03T16:58:37","modified_gmt":"2022-10-03T14:58:37","slug":"kontakt-reservierung","status":"publish","type":"page","link":"https:\/\/www.villamiami.fr\/de\/kontakt-reservierung\/","title":{"rendered":"Kontakt\/Reservierung"},"content":{"rendered":"<p>[vc_row css=&#8220;.vc_custom_1476343737841{margin-top: 60px !important;}&#8220;][vc_column width=&#8220;1\/2&#8243;][vc_column_text]Die Villa Miami liegt an der C\u00f4te d&#8217;Azur am Ortsausgang von Les Issambres, 50m von der Strandpromenade zwischen Sainte-Maxime und Saint-Aygulf entfernt. Am Rande der Mittelmeerk\u00fcste bildet Les Issambres den s\u00fcdlichsten Stadtteil der Gemeinde Roquebrune-sur-Argens.[\/vc_column_text][\/vc_column][vc_column width=&#8220;1\/2&#8243;][vc_column_text]Die Villa Miami liegt an der Route Nationale 98, der Route de la Corniche, \u00f6stlich des Dorfes Sainte Maxime, in S\u00fcdlage mit 210 Grad Meerblick vom Golf von Saint Tropez bis nach Saint Rapha\u00ebl.[\/vc_column_text][\/vc_column][\/vc_row][vc_row css=&#8220;.vc_custom_1492593618245{margin-top: 40px !important;}&#8220;][vc_column width=&#8220;1\/2&#8243;]<div style=\"background-color:;height: 20px\" class=\"nicdark_section  \"><\/div> <h3 style=\"color:;padding:px;text-align:;font-size:20px;line-height:25px;letter-spacing: px;font-weight:lighter\" class=\"   nd_options_first_font \">Kontakt\/Buchung<\/h3> <div style=\"background-color:;height: 25px\" class=\"nicdark_section  \"><\/div>\n\n    <!--start form-->\n    <div id=\"nd_options_shortcode_cf7_5208\" class=\"nd_options_section \">\n      \n      <div class=\"nd_options_section nd_options_box_sizing_border_box\">\n        \n<div class=\"wpcf7 no-js\" id=\"wpcf7-f5208-o1\" lang=\"de-DE\" dir=\"ltr\">\n<div class=\"screen-reader-response\"><p role=\"status\" aria-live=\"polite\" aria-atomic=\"true\"><\/p> <ul><\/ul><\/div>\n<form action=\"\/de\/wp-json\/wp\/v2\/pages\/4679#wpcf7-f5208-o1\" method=\"post\" class=\"wpcf7-form init\" aria-label=\"Kontaktformular\" novalidate=\"novalidate\" data-status=\"init\">\n<input type=\"hidden\" name=\"_wpcf7\" value=\"5208\" \/><input type=\"hidden\" name=\"_wpcf7_version\" value=\"6.1.5\" \/><input type=\"hidden\" name=\"_wpcf7_locale\" value=\"de_DE\" \/><input type=\"hidden\" name=\"_wpcf7_unit_tag\" value=\"wpcf7-f5208-o1\" \/><input type=\"hidden\" name=\"_wpcf7_container_post\" value=\"0\" \/><input type=\"hidden\" name=\"_wpcf7_posted_data_hash\" value=\"\" \/><input type=\"hidden\" name=\"_wpcf7_recaptcha_response\" value=\"\" \/>\n\n<p><label> Name Vorname *<br \/>\n<span class=\"wpcf7-form-control-wrap\" data-name=\"name-form\"><input size=\"40\" class=\"wpcf7-form-control wpcf7-text wpcf7-validates-as-required\" aria-required=\"true\" aria-invalid=\"false\" value=\"\" type=\"text\" name=\"name-form\" \/><\/span> <\/label>\n<\/p>\n<p><label> Email *<br \/>\n<span class=\"wpcf7-form-control-wrap\" data-name=\"email\"><input size=\"40\" class=\"wpcf7-form-control wpcf7-email wpcf7-validates-as-required wpcf7-text wpcf7-validates-as-email\" aria-required=\"true\" aria-invalid=\"false\" value=\"\" type=\"email\" name=\"email\" \/><\/span> <\/label>\n<\/p>\n<p><label> Telefon *<br \/>\n<span class=\"wpcf7-form-control-wrap\" data-name=\"tel-632\"><input size=\"40\" class=\"wpcf7-form-control wpcf7-tel wpcf7-validates-as-required wpcf7-text wpcf7-validates-as-tel\" aria-required=\"true\" aria-invalid=\"false\" value=\"\" type=\"tel\" name=\"tel-632\" \/><\/span> <\/label>\n<\/p>\n<p><label> Ihre Nachricht *<br \/>\n<span class=\"wpcf7-form-control-wrap\" data-name=\"message\"><textarea cols=\"40\" rows=\"10\" class=\"wpcf7-form-control wpcf7-textarea\" aria-invalid=\"false\" name=\"message\"><\/textarea><\/span> <\/label>\n<\/p>\n<p><input class=\"wpcf7-form-control wpcf7-submit has-spinner\" type=\"submit\" value=\"ENVOYER\" \/>\n<\/p><input type='hidden' class='wpcf7-pum' value='{\"closepopup\":false,\"closedelay\":0,\"openpopup\":false,\"openpopup_id\":0}' \/><div class=\"wpcf7-response-output\" aria-hidden=\"true\"><\/div>\n<\/form>\n<\/div>\n \n      <\/div>  \n\n    <\/div>\n    <!--end form-->\n\n   <div style=\"background-color:;height: 20px\" class=\"nicdark_section  \"><\/div>[\/vc_column][vc_column width=&#8220;1\/2&#8243;]<div style=\"background-color:;height: 20px\" class=\"nicdark_section  \"><\/div> <h3 style=\"color:;padding:px;text-align:;font-size:20px;line-height:25px;letter-spacing: px;font-weight:lighter\" class=\"   nd_options_first_font \">H\u00e4ufig gestellte Fragen<\/h3> <div style=\"background-color:;height: 30px\" class=\"nicdark_section  \"><\/div>[vc_column_text]Wir empfangen Sie bei uns zu Hause, in einem nach unserem Bild renovierten Haus. Wir empfangen Sie als unsere G\u00e4ste, mit dem Respekt und der Freude, die man G\u00e4sten schuldet, und das auch dann, wenn es eine finanzielle Leistung gibt.[\/vc_column_text]<div style=\"background-color:;height: 35px\" class=\"nicdark_section  \"><\/div>\n\n    <div class=\"nd_options_section nd_options_toogles_contact_2 \">\n\n      <div class=\"nd_options_section nd_options_box_sizing_border_box\">\n        <p class=\"nd_options_toogle_title nd_options_first_font nd_options_font_size_17 nd_options_position_relative nd_options_padding_right_20 nd_options_padding_top_5 nd_options_padding_left_45 nd_options_padding_bottom_5\">\n          <span style=\"background-color:#585f77\" class=\"nd_options_cursor_pointer nd_options_text_align_center nd_options_toogle_title_open_667 nd_options_width_25 nd_options_height_25  nd_options_position_absolute nd_options_top_0 nd_options_left_0\">\n            <img decoding=\"async\" alt=\"\" class=\"nd_options_margin_top_6\" width=\"12\" src=\"https:\/\/www.villamiami.fr\/wp-content\/plugins\/nd-shortcodes\/shortcodes\/custom\/toogle\/icon-add-white.png\">\n          <\/span> \n          <span style=\"background-color:#585f77\" class=\"nd_options_cursor_pointer nd_options_text_align_center nd_options_toogle_title_close_667 nd_options_width_25 nd_options_display_none nd_options_height_25  nd_options_position_absolute nd_options_top_0 nd_options_left_0\">\n            <img decoding=\"async\" alt=\"\" class=\"nd_options_margin_top_6\" width=\"12\" src=\"https:\/\/www.villamiami.fr\/wp-content\/plugins\/nd-shortcodes\/shortcodes\/custom\/toogle\/icon-less-white.png\">\n          <\/span>\n          Wie buchen Sie Ihren Aufenthalt?\n        <\/p>\n      <\/div>\n      \n      <div class=\"nd_options_display_none nd_options_padding_20 nd_options_padding_left_45 nd_options_toogle_content_667 nd_options_section nd_options_box_sizing_border_box\">\n        <p>Eine Anzahlung wird bei der Buchung verlangt, nachdem Sie diese telefonisch, per Kreditkarte, per Bank\u00fcberweisung oder Paypal best\u00e4tigt haben. Die Zahlung des Restbetrags des Aufenthaltspreises erfolgt 7 Tage vor Anreise per Kreditkarte, Bank\u00fcberweisung oder Paypal.<\/p>\n      <\/div>\n\n    <\/div>\n\n   <div style=\"background-color:;height: 18px\" class=\"nicdark_section  \"><\/div>\n\n    <div class=\"nd_options_section nd_options_toogles_contact_2 \">\n\n      <div class=\"nd_options_section nd_options_box_sizing_border_box\">\n        <p class=\"nd_options_toogle_title nd_options_first_font nd_options_font_size_17 nd_options_position_relative nd_options_padding_right_20 nd_options_padding_top_5 nd_options_padding_left_45 nd_options_padding_bottom_5\">\n          <span style=\"background-color:#585f77\" class=\"nd_options_cursor_pointer nd_options_text_align_center nd_options_toogle_title_open_744 nd_options_width_25 nd_options_height_25  nd_options_position_absolute nd_options_top_0 nd_options_left_0\">\n            <img decoding=\"async\" alt=\"\" class=\"nd_options_margin_top_6\" width=\"12\" src=\"https:\/\/www.villamiami.fr\/wp-content\/plugins\/nd-shortcodes\/shortcodes\/custom\/toogle\/icon-add-white.png\">\n          <\/span> \n          <span style=\"background-color:#585f77\" class=\"nd_options_cursor_pointer nd_options_text_align_center nd_options_toogle_title_close_744 nd_options_width_25 nd_options_display_none nd_options_height_25  nd_options_position_absolute nd_options_top_0 nd_options_left_0\">\n            <img decoding=\"async\" alt=\"\" class=\"nd_options_margin_top_6\" width=\"12\" src=\"https:\/\/www.villamiami.fr\/wp-content\/plugins\/nd-shortcodes\/shortcodes\/custom\/toogle\/icon-less-white.png\">\n          <\/span>\n          Horaires d'arriv\u00e9e et de d\u00e9part ?\n        <\/p>\n      <\/div>\n      \n      <div class=\"nd_options_display_none nd_options_padding_20 nd_options_padding_left_45 nd_options_toogle_content_744 nd_options_section nd_options_box_sizing_border_box\">\n        <p>L\u2019arriv\u00e9e \u00e0 La Villa Miami et la prise de possession des chambres se font imp\u00e9rativement entre 16 h 00 (au plus t\u00f4t) et 19 h 00. L\u2019heure de lib\u00e9ration des chambres et de restitution des clefs \u00e9tant fix\u00e9e \u00e0 11h00 (au plus tard).<\/p>\n      <\/div>\n\n    <\/div>\n\n   <div style=\"background-color:;height: 18px\" class=\"nicdark_section  \"><\/div>\n\n    <div class=\"nd_options_section nd_options_toogles_contact_2 \">\n\n      <div class=\"nd_options_section nd_options_box_sizing_border_box\">\n        <p class=\"nd_options_toogle_title nd_options_first_font nd_options_font_size_17 nd_options_position_relative nd_options_padding_right_20 nd_options_padding_top_5 nd_options_padding_left_45 nd_options_padding_bottom_5\">\n          <span style=\"background-color:#585f77\" class=\"nd_options_cursor_pointer nd_options_text_align_center nd_options_toogle_title_open_45 nd_options_width_25 nd_options_height_25  nd_options_position_absolute nd_options_top_0 nd_options_left_0\">\n            <img decoding=\"async\" alt=\"\" class=\"nd_options_margin_top_6\" width=\"12\" src=\"https:\/\/www.villamiami.fr\/wp-content\/plugins\/nd-shortcodes\/shortcodes\/custom\/toogle\/icon-add-white.png\">\n          <\/span> \n          <span style=\"background-color:#585f77\" class=\"nd_options_cursor_pointer nd_options_text_align_center nd_options_toogle_title_close_45 nd_options_width_25 nd_options_display_none nd_options_height_25  nd_options_position_absolute nd_options_top_0 nd_options_left_0\">\n            <img decoding=\"async\" alt=\"\" class=\"nd_options_margin_top_6\" width=\"12\" src=\"https:\/\/www.villamiami.fr\/wp-content\/plugins\/nd-shortcodes\/shortcodes\/custom\/toogle\/icon-less-white.png\">\n          <\/span>\n          Quels sont les services inclus dans le s\u00e9jour ?\n        <\/p>\n      <\/div>\n      \n      <div class=\"nd_options_display_none nd_options_padding_20 nd_options_padding_left_45 nd_options_toogle_content_45 nd_options_section nd_options_box_sizing_border_box\">\n        <p>Les petits d\u00e9jeuners ainsi que la fourniture du linge de maison sont compris dans le prix de la chambre. Les petits d\u00e9jeuners se prennent entre 08h00 et 10h00. La Villa Miami met gratuitement une connexion \u00e0 l\u2019internet par l\u2019interm\u00e9diaire du Wi-Fi.<\/p>\n      <\/div>\n\n    <\/div>\n\n   <div style=\"background-color:;height: 18px\" class=\"nicdark_section  \"><\/div>\n\n    <div class=\"nd_options_section nd_options_toogles_contact_2 \">\n\n      <div class=\"nd_options_section nd_options_box_sizing_border_box\">\n        <p class=\"nd_options_toogle_title nd_options_first_font nd_options_font_size_17 nd_options_position_relative nd_options_padding_right_20 nd_options_padding_top_5 nd_options_padding_left_45 nd_options_padding_bottom_5\">\n          <span style=\"background-color:#585f77\" class=\"nd_options_cursor_pointer nd_options_text_align_center nd_options_toogle_title_open_826 nd_options_width_25 nd_options_height_25  nd_options_position_absolute nd_options_top_0 nd_options_left_0\">\n            <img decoding=\"async\" alt=\"\" class=\"nd_options_margin_top_6\" width=\"12\" src=\"https:\/\/www.villamiami.fr\/wp-content\/plugins\/nd-shortcodes\/shortcodes\/custom\/toogle\/icon-add-white.png\">\n          <\/span> \n          <span style=\"background-color:#585f77\" class=\"nd_options_cursor_pointer nd_options_text_align_center nd_options_toogle_title_close_826 nd_options_width_25 nd_options_display_none nd_options_height_25  nd_options_position_absolute nd_options_top_0 nd_options_left_0\">\n            <img decoding=\"async\" alt=\"\" class=\"nd_options_margin_top_6\" width=\"12\" src=\"https:\/\/www.villamiami.fr\/wp-content\/plugins\/nd-shortcodes\/shortcodes\/custom\/toogle\/icon-less-white.png\">\n          <\/span>\n          Y a t'il d'autres prestations ?\n        <\/p>\n      <\/div>\n      \n      <div class=\"nd_options_display_none nd_options_padding_20 nd_options_padding_left_45 nd_options_toogle_content_826 nd_options_section nd_options_box_sizing_border_box\">\n        <p>Nous proposons une carte de plats cuisin\u00e9s, sur commande. Une carte de Mojitos est \u00e0 votre disposition, les tarifs varient en fonction des ingr\u00e9dients et de la quantit\u00e9 : les volumes allant de 68cl \u00e0 2litres\u2026 L\u2019usage de la borne de recharge pour votre v\u00e9hicule \u00e9lectrique ( \u00e0 venir) est soumis \u00e0 facturation : 10 \u20ac avec un maximum de 4h de charge par jour. Mise \u00e0 disposition selon disponibilit\u00e9 de cano\u00e9 de mer et paddle pour personnes \u00e9tant famili\u00e8res \u00e0 leur usage et apr\u00e8s accord du propri\u00e9taire.<\/p>\n      <\/div>\n\n    <\/div>\n\n   <div style=\"background-color:;height: 18px\" class=\"nicdark_section  \"><\/div>\n\n    <div class=\"nd_options_section nd_options_toogles_contact_2 \">\n\n      <div class=\"nd_options_section nd_options_box_sizing_border_box\">\n        <p class=\"nd_options_toogle_title nd_options_first_font nd_options_font_size_17 nd_options_position_relative nd_options_padding_right_20 nd_options_padding_top_5 nd_options_padding_left_45 nd_options_padding_bottom_5\">\n          <span style=\"background-color:#585f77\" class=\"nd_options_cursor_pointer nd_options_text_align_center nd_options_toogle_title_open_64 nd_options_width_25 nd_options_height_25  nd_options_position_absolute nd_options_top_0 nd_options_left_0\">\n            <img decoding=\"async\" alt=\"\" class=\"nd_options_margin_top_6\" width=\"12\" src=\"https:\/\/www.villamiami.fr\/wp-content\/plugins\/nd-shortcodes\/shortcodes\/custom\/toogle\/icon-add-white.png\">\n          <\/span> \n          <span style=\"background-color:#585f77\" class=\"nd_options_cursor_pointer nd_options_text_align_center nd_options_toogle_title_close_64 nd_options_width_25 nd_options_display_none nd_options_height_25  nd_options_position_absolute nd_options_top_0 nd_options_left_0\">\n            <img decoding=\"async\" alt=\"\" class=\"nd_options_margin_top_6\" width=\"12\" src=\"https:\/\/www.villamiami.fr\/wp-content\/plugins\/nd-shortcodes\/shortcodes\/custom\/toogle\/icon-less-white.png\">\n          <\/span>\n          Les animaux sont ils autoris\u00e9s ?\n        <\/p>\n      <\/div>\n      \n      <div class=\"nd_options_display_none nd_options_padding_20 nd_options_padding_left_45 nd_options_toogle_content_64 nd_options_section nd_options_box_sizing_border_box\">\n        <p>Les animaux de compagnie ne sont pas autoris\u00e9s dans la propri\u00e9t\u00e9.<\/p>\n      <\/div>\n\n    <\/div>\n\n   <div style=\"background-color:;height: 18px\" class=\"nicdark_section  \"><\/div>\n\n    <div class=\"nd_options_section nd_options_toogles_contact_2 \">\n\n      <div class=\"nd_options_section nd_options_box_sizing_border_box\">\n        <p class=\"nd_options_toogle_title nd_options_first_font nd_options_font_size_17 nd_options_position_relative nd_options_padding_right_20 nd_options_padding_top_5 nd_options_padding_left_45 nd_options_padding_bottom_5\">\n          <span style=\"background-color:#585f77\" class=\"nd_options_cursor_pointer nd_options_text_align_center nd_options_toogle_title_open_137 nd_options_width_25 nd_options_height_25  nd_options_position_absolute nd_options_top_0 nd_options_left_0\">\n            <img decoding=\"async\" alt=\"\" class=\"nd_options_margin_top_6\" width=\"12\" src=\"https:\/\/www.villamiami.fr\/wp-content\/plugins\/nd-shortcodes\/shortcodes\/custom\/toogle\/icon-add-white.png\">\n          <\/span> \n          <span style=\"background-color:#585f77\" class=\"nd_options_cursor_pointer nd_options_text_align_center nd_options_toogle_title_close_137 nd_options_width_25 nd_options_display_none nd_options_height_25  nd_options_position_absolute nd_options_top_0 nd_options_left_0\">\n            <img decoding=\"async\" alt=\"\" class=\"nd_options_margin_top_6\" width=\"12\" src=\"https:\/\/www.villamiami.fr\/wp-content\/plugins\/nd-shortcodes\/shortcodes\/custom\/toogle\/icon-less-white.png\">\n          <\/span>\n          Oubli d'objets \u00e0 la villa ?\n        <\/p>\n      <\/div>\n      \n      <div class=\"nd_options_display_none nd_options_padding_20 nd_options_padding_left_45 nd_options_toogle_content_137 nd_options_section nd_options_box_sizing_border_box\">\n        <p>Chargeur de t\u00e9l\u00e9phone, bijou, paire de chaussures, \u2026 : tout objet oubli\u00e9 au cours d\u2019un s\u00e9jour \u00e0 La Villa Miami pourra \u00eatre retourn\u00e9 \u00e0 son propri\u00e9taire, moyennant le paiement pr\u00e9alable d\u2019une somme repr\u00e9sentant les frais d\u2019envoi.<\/p>\n      <\/div>\n\n    <\/div>\n\n   [\/vc_column][\/vc_row][vc_row][vc_column width=&#8220;1\/2&#8243;][\/vc_column][vc_column width=&#8220;1\/2&#8243;]<div style=\"background-color:;height: 30px\" class=\"nicdark_section  \"><\/div>\n\t<div class=\"nd_options_section nd_options_text_align_center\">\n\t<a style=\"border: 1px solid #7e7e7e;border-radius:px;letter-spacing:4px;line-height:11px;font-size:11px;background-color:;padding:15px 20px;margin:;color:\" rel=\"\" href=\"https:\/\/www.villamiami.fr\/de\/allgemeine-verkaufsbedingungen\/\" class=\"nicdark_display_inline_block  nd_options_font_weight_lighter nd_options_second_font nd_options_disable_lateral_border \">GESCH\u00c4FTSBEDINGUNGEN<\/a>\n\t<\/div>\n[\/vc_column][\/vc_row][vc_row full_width=&#8220;stretch_row&#8220; parallax=&#8220;content-moving&#8220; parallax_image=&#8220;2401&#8243; css=&#8220;.vc_custom_1590686616087{margin-top: 40px !important;padding-top: 80px !important;padding-bottom: 80px !important;background-position: center;background-repeat: no-repeat !important;background-size: cover !important;}&#8220; el_class=&#8220;nd_options_vc_parallax_filter_2_3&#8243;][vc_column] <h3 style=\"color:#ffffff;padding:px;text-align:center;font-size:13px;line-height:13px;letter-spacing: 2px;font-weight:lighter\" class=\"   nd_options_second_font \">KONTAKTIERE UNS<\/h3> <div style=\"background-color:;height: 10px\" class=\"nicdark_section  \"><\/div> <h1 style=\"color:#ffffff;padding:px;text-align:center;font-size:30px;line-height:35px;letter-spacing: px;font-weight:lighter\" class=\"   nd_options_first_font \">Eine Frage, z\u00f6gern Sie nicht !<\/h1> [\/vc_column][\/vc_row][vc_row full_width=&#8220;stretch_row_content_no_spaces&#8220; css=&#8220;.vc_custom_1476114800174{margin-top: 0px !important;margin-bottom: 0px !important;}&#8220;][vc_column][vc_gmaps link=&#8220;#E-8_JTNDaWZyYW1lJTIwc3JjJTNEJTIyaHR0cHMlM0ElMkYlMkZ3d3cuZ29vZ2xlLmNvbSUyRm1hcHMlMkZlbWJlZCUzRnBiJTNEJTIxMW0xOCUyMTFtMTIlMjExbTMlMjExZDI5MDEuNDI4NTQ0NTc3NDU4JTIxMmQ2LjcxMTU1MjcxNTQ4NzgzMyUyMTNkNDMuMzQ3MTQ1Nzc5MTMzMDQlMjEybTMlMjExZjAlMjEyZjAlMjEzZjAlMjEzbTIlMjExaTEwMjQlMjEyaTc2OCUyMTRmMTMuMSUyMTNtMyUyMTFtMiUyMTFzMHgxMmNlYmU2NmUyNWFiYjJkJTI1M0EweDkzMmRlNzg1NDNiOGRhOTYlMjEyczI3JTI1MjBCb3VsZXZhcmQlMjUyMFN1biUyNTIwQmVhY2glMjUyQyUyNTIwODMzODAlMjUyMFJvcXVlYnJ1bmUtc3VyLUFyZ2VucyUyMTVlMCUyMTNtMiUyMTFzZnIlMjEyc2ZyJTIxNHYxNTkwNjg2Njc1NDMyJTIxNW0yJTIxMXNmciUyMTJzZnIlMjIlMjB3aWR0aCUzRCUyMjYwMCUyMiUyMGhlaWdodCUzRCUyMjQ1MCUyMiUyMGZyYW1lYm9yZGVyJTNEJTIyMCUyMiUyMHN0eWxlJTNEJTIyYm9yZGVyJTNBMCUzQiUyMiUyMGFsbG93ZnVsbHNjcmVlbiUzRCUyMiUyMiUyMGFyaWEtaGlkZGVuJTNEJTIyZmFsc2UlMjIlMjB0YWJpbmRleCUzRCUyMjAlMjIlM0UlM0MlMkZpZnJhbWUlM0U=&#8220;][\/vc_column][\/vc_row]<\/p>\n","protected":false},"excerpt":{"rendered":"<p>[vc_row css=&#8220;.vc_custom_1476343737841{margin-top: 60px !important;}&#8220;][vc_column width=&#8220;1\/2&#8243;][vc_column_text]Die Villa Miami liegt an der C\u00f4te d&#8217;Azur am Ortsausgang von Les Issambres, 50m von der Strandpromenade zwischen Sainte-Maxime und Saint-Aygulf entfernt. Am Rande der Mittelmeerk\u00fcste bildet Les Issambres den s\u00fcdlichsten Stadtteil der Gemeinde Roquebrune-sur-Argens.[\/vc_column_text][\/vc_column][vc_column width=&#8220;1\/2&#8243;][vc_column_text]Die Villa Miami liegt an der Route Nationale 98, der Route de la Corniche, \u00f6stlich des [&hellip;]<\/p>\n","protected":false},"author":1,"featured_media":0,"parent":0,"menu_order":0,"comment_status":"closed","ping_status":"closed","template":"","meta":{"footnotes":""},"class_list":["post-4679","page","type-page","status-publish","hentry"],"_links":{"self":[{"href":"https:\/\/www.villamiami.fr\/de\/wp-json\/wp\/v2\/pages\/4679","targetHints":{"allow":["GET"]}}],"collection":[{"href":"https:\/\/www.villamiami.fr\/de\/wp-json\/wp\/v2\/pages"}],"about":[{"href":"https:\/\/www.villamiami.fr\/de\/wp-json\/wp\/v2\/types\/page"}],"author":[{"embeddable":true,"href":"https:\/\/www.villamiami.fr\/de\/wp-json\/wp\/v2\/users\/1"}],"replies":[{"embeddable":true,"href":"https:\/\/www.villamiami.fr\/de\/wp-json\/wp\/v2\/comments?post=4679"}],"version-history":[{"count":7,"href":"https:\/\/www.villamiami.fr\/de\/wp-json\/wp\/v2\/pages\/4679\/revisions"}],"predecessor-version":[{"id":5656,"href":"https:\/\/www.villamiami.fr\/de\/wp-json\/wp\/v2\/pages\/4679\/revisions\/5656"}],"wp:attachment":[{"href":"https:\/\/www.villamiami.fr\/de\/wp-json\/wp\/v2\/media?parent=4679"}],"curies":[{"name":"wp","href":"https:\/\/api.w.org\/{rel}","templated":true}]}}