{"id":4433,"date":"2020-05-19T14:43:07","date_gmt":"2020-05-19T12:43:07","guid":{"rendered":"https:\/\/www.villamiami.fr\/terms-and-conditions-of-sale\/"},"modified":"2022-09-30T12:50:22","modified_gmt":"2022-09-30T10:50:22","slug":"terms-and-conditions-of-sale","status":"publish","type":"page","link":"https:\/\/www.villamiami.fr\/en\/terms-and-conditions-of-sale\/","title":{"rendered":"Terms and Conditions of Sale"},"content":{"rendered":"<p>[vc_row css=&#8221;.vc_custom_1492612814975{margin-top: 40px !important;margin-bottom: 40px !important;}&#8221;][vc_column width=&#8221;2\/3&#8243;]<div style=\"background-color:;height: 20px\" class=\"nicdark_section  \"><\/div><div style=\"background-color:;height: 20px\" class=\"nicdark_section  \"><\/div> <h3 style=\"color:;padding:px;text-align:;font-size:px;line-height:px;letter-spacing: 11px;font-weight:\" class=\"    \">Conditions g\u00e9n\u00e9rales de vente des s\u00e9jours en chambre d'h\u00f4tes<\/h3> <div style=\"background-color:;height: 40px\" class=\"nicdark_section  \"><\/div> <h3 style=\"color:;padding:px;text-align:;font-size:px;line-height:px;letter-spacing: px;font-weight:\" class=\"    \">Article 1 \/ Dur\u00e9e du s\u00e9jour<\/h3> <div style=\"background-color:;height: 10px\" class=\"nicdark_section  \"><\/div>[vc_column_text]The customer who signs this contract concluded for a fixed period will not be able under any circumstances to take advantage of any right to remain in the premises.[\/vc_column_text]<div style=\"background-color:;height: 30px\" class=\"nicdark_section  \"><\/div> <h3 style=\"color:;padding:px;text-align:;font-size:px;line-height:px;letter-spacing: px;font-weight:\" class=\"    \">Article 2 \/ Formalit\u00e9s de r\u00e9servation<\/h3> <div style=\"background-color:;height: 10px\" class=\"nicdark_section  \"><\/div>[vc_column_text]After receiving your reservation, we will send you a written confirmation by e-mail and invite you to pay a deposit of 30% of the reservation amount within a maximum of two weeks (but more quickly if the reservation is made with less notice). Once this deposit is received, the reservation becomes firm. By paying the deposit, you confirm your full agreement with the general conditions specified below. Please note that without the payment of the deposit within the specified time, the reservation is not confirmed and, consequently, we reserve the right to collect the rooms.[\/vc_column_text]<div style=\"background-color:;height: 30px\" class=\"nicdark_section  \"><\/div> <h3 style=\"color:;padding:px;text-align:;font-size:px;line-height:px;letter-spacing: px;font-weight:\" class=\"    \">Article 3 \/ Annulation du s\u00e9jour par le client<\/h3> <div style=\"background-color:;height: 10px\" class=\"nicdark_section  \"><\/div>[vc_column_text css_animation=&#8221;none&#8221;]Any change is possible only after the agreement of &#8220;La Villa Miami&#8221; and may result in additional charges.<br \/>\nWe inform you that in case of cancellation of the reservation before the beginning of the stay, it will be due, as a penalty clause by the customer, an indemnity set as follows:<br \/>\n&#8211; if the cancellation occurs more than 15 days before the arrival date, the deposit will be refunded in full<br \/>\n&#8211; if the cancellation occurs between the 14th and the 7th day before the arrival date, the deposit will be refunded at 50% of the amount of the reservation<br \/>\n&#8211; if the cancellation occurs between the 6th and the day of your arrival, the totality of the payment will remain acquired to &#8221; La Villa Miami &#8220;.<br \/>\nAny reservation benefiting from a promotional offer will not be refunded in case of cancellation.<br \/>\nIn case of early departure during the stay, the total payment of the reserved service will be required.<\/p>\n<p>The customer who has not paid the balance on the agreed date is considered to have cancelled his trip without being able to take advantage of this cancellation and therefore incurs the cancellation fees mentioned above.<\/p>\n<p>In accordance with Article L. 221-28, 12\u00b0 of the Consumer Code, a contract for the purchase of tourist services is not subject to the right of withdrawal.[\/vc_column_text]<div style=\"background-color:;height: 30px\" class=\"nicdark_section  \"><\/div> <h3 style=\"color:;padding:px;text-align:;font-size:px;line-height:px;letter-spacing: px;font-weight:\" class=\"    \">Article 4 \/ Assurance annulation<\/h3> <div style=\"background-color:;height: 10px\" class=\"nicdark_section  \"><\/div>[vc_column_text]Please note that no cancellation insurance is included in our rates. It is therefore highly recommended to take out one if needed.[\/vc_column_text]<div style=\"background-color:;height: 30px\" class=\"nicdark_section  \"><\/div> <h3 style=\"color:;padding:px;text-align:;font-size:px;line-height:px;letter-spacing: px;font-weight:\" class=\"    \">Article 5 \/ Annulation du s\u00e9jour par le propri\u00e9taire<\/h3> <div style=\"background-color:;height: 10px\" class=\"nicdark_section  \"><\/div>[vc_column_text]If, before the beginning of the stay, the owner has to cancel the reservation, he must immediately inform his client by registered letter with acknowledgement of receipt. No financial compensation can be requested except for the full amount of the reservation already paid.<\/p>\n<p>Villa Miami reserves the right to interrupt or cancel a stay if the customer does not comply with Article 10 of the GTC.[\/vc_column_text]<div style=\"background-color:;height: 30px\" class=\"nicdark_section  \"><\/div> <h3 style=\"color:;padding:px;text-align:;font-size:px;line-height:px;letter-spacing: px;font-weight:\" class=\"    \">Article 6 \/ Heure d\u2019arriv\u00e9e<\/h3> <div style=\"background-color:;height: 10px\" class=\"nicdark_section  \"><\/div>[vc_column_text]The client must arrive on the day specified at the time of reservation, at the earliest at 4:00 pm (time of availability of the rooms and delivery of the keys) and at the latest at 7:00 pm. If forced, please call before 6pm. No reception will be held after 8pm. In case of late or delayed arrival, the client must inform the owner.[\/vc_column_text]<div style=\"background-color:;height: 30px\" class=\"nicdark_section  \"><\/div> <h3 style=\"color:;padding:px;text-align:;font-size:px;line-height:px;letter-spacing: px;font-weight:\" class=\"    \">Article 7 \/ Heure de d\u00e9part<\/h3> <div style=\"background-color:;height: 10px\" class=\"nicdark_section  \"><\/div>[vc_column_text]On the day of departure, the client must vacate the room by 11:00 am at the latest. If the rooms are not vacated at the specified times, a charge of 50% of the nightly rate will be automatically applied from 11:00 am to 5:00 pm.[\/vc_column_text]<div style=\"background-color:;height: 30px\" class=\"nicdark_section  \"><\/div> <h3 style=\"color:;padding:px;text-align:;font-size:px;line-height:px;letter-spacing: px;font-weight:\" class=\"    \">Article 8 \/ R\u00e8glement du solde de l\u2019h\u00e9bergement<\/h3> <div style=\"background-color:;height: 10px\" class=\"nicdark_section  \"><\/div>[vc_column_text]The balance of the stay must be paid one week before your arrival by credit card or bank transfer.[\/vc_column_text]<div style=\"background-color:;height: 30px\" class=\"nicdark_section  \"><\/div> <h3 style=\"color:;padding:px;text-align:;font-size:px;line-height:px;letter-spacing: px;font-weight:\" class=\"    \">Article 9 \/ Animaux de compagnie<\/h3> <div style=\"background-color:;height: 10px\" class=\"nicdark_section  \"><\/div>[vc_column_text]Pets are not allowed.[\/vc_column_text]<div style=\"background-color:;height: 30px\" class=\"nicdark_section  \"><\/div> <h3 style=\"color:;padding:px;text-align:;font-size:px;line-height:px;letter-spacing: px;font-weight:\" class=\"    \">Article 10 \/ Art de vivre et utilisation des lieux<\/h3> <div style=\"background-color:;height: 10px\" class=\"nicdark_section  \"><\/div>[vc_column_text]In order to guarantee the tranquility of the place and the comfort of the guests of La Villa Miami, the respect of a certain &#8220;art of living&#8221; is required of all. Smoking is totally forbidden inside the rooms and common areas; some areas are equipped to receive smokers and their entourage. The client agrees to respect the rules of good manners that will be indicated to him, those that are imposed on all when living in a community and the present general conditions of sale.<\/p>\n<p>The customer agrees to return the rooms in perfect condition at the end of the stay and to systematically declare &#8211; and to assume financially &#8211; any damage for which he\/she would be responsible. The customer agrees to pay the sum of 50 euros in case of loss of the keys of his room. It is forbidden to enter all private areas of the house without being invited. You will only be able to use the parking space dedicated to you. We are not responsible for any damage that may be caused to your vehicle by a third party inside the property. We remind you that the parking area is under video surveillance. The use of the charging station for your electric vehicle is subject to billing.<\/p>\n<p>Guests should note that La Villa Miami is only open to those over 18 years of age.<\/p>\n<p>Guests are not allowed to receive guests without the express permission of the owner; in any case this request must be exceptional.<\/p>\n<p>Villa Miami will not accept any responsibility for loss, theft and\/or damage or injury to property and\/or persons on the property from any cause whatsoever.<\/p>\n<p>Access to the shared pool and jacuzzi is free. The use of the private Jacuzzi is subject to reservation and agreement of the owners. Even if no one is present, the private Jacuzzi is not accessible.<\/p>\n<p>The pool is a place to relax, no jumping, diving or excessive swimming is allowed. The pool is heated and maintained between 28 and 30 degrees, but this is not a given depending on outside temperatures or technical problems for reasons beyond our control, the temperature may vary.[\/vc_column_text]<div style=\"background-color:;height: 30px\" class=\"nicdark_section  \"><\/div> <h3 style=\"color:;padding:px;text-align:;font-size:px;line-height:px;letter-spacing: px;font-weight:\" class=\"    \">Article 11 \/ Modification des conditions de vente<\/h3> [vc_column_text]The present conditions of sale can be modified at any time and without notice. The acceptance and the respect of these conditions of sale are considered acquired as soon as the deposit is paid.[\/vc_column_text]<div style=\"background-color:;height: 30px\" class=\"nicdark_section  \"><\/div><div style=\"background-color:;height: 30px\" class=\"nicdark_section  \"><\/div> <h3 style=\"color:;padding:px;text-align:;font-size:px;line-height:px;letter-spacing: px;font-weight:\" class=\"    \">Article 12 \/ Loi informatique et libert\u00e9<\/h3> [vc_column_text]<strong>For your information, the entire property is under video surveillance 24 hours a day for your safety.<\/strong><br \/>\nIn accordance with the law n\u00b0 78-17 of January 6, 1978 modified in 2004 relating to data processing, the files and freedoms, you profit from a right of access and of correction to the data concerning you. We undertake not to pass on the information you have provided to us to other companies or organizations under any circumstances.[\/vc_column_text]<div style=\"background-color:;height: 30px\" class=\"nicdark_section  \"><\/div>[\/vc_column][vc_column width=&#8221;1\/3&#8243; css=&#8221;.vc_custom_1486115020030{padding-right: 30px !important;padding-left: 30px !important;}&#8221;]<div style=\"background-color:;height: 20px\" class=\"nicdark_section  \"><\/div>[vc_row_inner][vc_column_inner css=&#8221;.vc_custom_1557317350191{border-top-width: 1px !important;border-right-width: 1px !important;border-bottom-width: 1px !important;border-left-width: 1px !important;padding-top: 30px !important;padding-right: 30px !important;padding-bottom: 15px !important;padding-left: 30px !important;border-left-color: #f1f1f1 !important;border-left-style: solid !important;border-right-color: #f1f1f1 !important;border-right-style: solid !important;border-top-color: #f1f1f1 !important;border-top-style: solid !important;border-bottom-color: #f1f1f1 !important;border-bottom-style: solid !important;border-radius: 3px !important;}&#8221;] <h2 style=\"color:;padding:px;text-align:center;font-size:25px;line-height:25px;letter-spacing: px;font-weight:lighter\" class=\"   nd_options_first_font \">A question ?<\/h2> <div style=\"background-color:;height: 15px\" class=\"nicdark_section  \"><\/div> <p style=\"color:;padding:px;text-align:center;font-size:12px;line-height:12px;letter-spacing: 2px;font-weight:lighter\" class=\"   nd_options_second_font \">CONTACT-US<\/p> <div style=\"background-color:;height: 20px\" class=\"nicdark_section  \"><\/div>\n\n    <!--start form-->\n    <div id=\"nd_options_shortcode_cf7_5508\" class=\"nd_options_section \">\n      \n      <div class=\"nd_options_section nd_options_box_sizing_border_box\">\n        \n<div class=\"wpcf7 no-js\" id=\"wpcf7-f5508-o1\" lang=\"en-US\" dir=\"ltr\">\n<div class=\"screen-reader-response\"><p role=\"status\" aria-live=\"polite\" aria-atomic=\"true\"><\/p> <ul><\/ul><\/div>\n<form action=\"\/en\/wp-json\/wp\/v2\/pages\/4433#wpcf7-f5508-o1\" method=\"post\" class=\"wpcf7-form init\" aria-label=\"Contact form\" novalidate=\"novalidate\" data-status=\"init\">\n<input type=\"hidden\" name=\"_wpcf7\" value=\"5508\" \/><input type=\"hidden\" name=\"_wpcf7_version\" value=\"6.1.5\" \/><input type=\"hidden\" name=\"_wpcf7_locale\" value=\"en_US\" \/><input type=\"hidden\" name=\"_wpcf7_unit_tag\" value=\"wpcf7-f5508-o1\" \/><input type=\"hidden\" name=\"_wpcf7_container_post\" value=\"0\" \/><input type=\"hidden\" name=\"_wpcf7_posted_data_hash\" value=\"\" \/><input type=\"hidden\" name=\"_wpcf7_recaptcha_response\" value=\"\" \/>\n\n<div class=\"nd_options_float_left nd_options_box_sizing_border_box nd_options_width_100_percentage_all_iphone_important nd_options_padding_0_right_important_all_iphone nd_options_padding_0_left_important_all_iphone \" style=\"padding: 0px 10px 15px 0px;width:100%\"><span class=\"wpcf7-form-control-wrap\" data-name=\"name-form\"><\/span><\/div><div class=\"nd_options_float_left nd_options_box_sizing_border_box nd_options_width_100_percentage_all_iphone_important nd_options_padding_0_right_important_all_iphone nd_options_padding_0_left_important_all_iphone \" style=\"padding: 0px 10px 15px 0px;width:100%\"><span class=\"wpcf7-form-control-wrap\" data-name=\"email\"><\/span><\/div><div class=\"nd_options_float_left nd_options_box_sizing_border_box nd_options_width_100_percentage_all_iphone_important nd_options_padding_0_right_important_all_iphone nd_options_padding_0_left_important_all_iphone \" style=\"padding: 0px 10px 15px 0px;width:100%\"><span class=\"wpcf7-form-control-wrap\" data-name=\"tel-385\"><\/span><\/div><div class=\"nd_options_float_left nd_options_box_sizing_border_box nd_options_width_100_percentage_all_iphone_important nd_options_padding_0_right_important_all_iphone nd_options_padding_0_left_important_all_iphone \" style=\"padding: 0px 10px 15px 0px;width:100%\"><span class=\"wpcf7-form-control-wrap\" data-name=\"message\"><textarea cols=\"40\" rows=\"4\" class=\"wpcf7-form-control wpcf7-textarea nd_options_padding_10_20_important nd_options_margin_top_10 nd_options_font_weight_lighter\" name=\"message\"><\/textarea><\/span><\/div><div class=\"nd_options_float_left nd_options_box_sizing_border_box nd_options_width_100_percentage_all_iphone_important nd_options_padding_0_right_important_all_iphone nd_options_padding_0_left_important_all_iphone \" style=\"padding: 0px 0px 0px 0px;width:100%\"><\/div><input type='hidden' class='wpcf7-pum' value='{\"closepopup\":false,\"closedelay\":0,\"openpopup\":false,\"openpopup_id\":0}' \/><div class=\"wpcf7-response-output\" aria-hidden=\"true\"><\/div>\n<\/form>\n<\/div>\n \n      <\/div>  \n\n    <\/div>\n    <!--end form-->\n\n   [\/vc_column_inner][\/vc_row_inner][vc_row_inner css=&#8221;.vc_custom_1559046321023{margin-top: 35px !important;background-image: url(http:\/\/www.nicdarkthemes.com\/themes\/resort\/wp\/demo\/apartment\/wp-content\/uploads\/sites\/4\/2017\/07\/blog03.jpg?id=1716) !important;background-position: center !important;background-repeat: no-repeat !important;background-size: cover !important;}&#8221;][vc_column_inner css=&#8221;.vc_custom_1559046302145{padding-top: 72px !important;padding-right: 30px !important;padding-bottom: 72px !important;padding-left: 30px !important;background-color: rgba(45,45,45,0.37) !important;*background-color: rgb(45,45,45) !important;}&#8221;] <h5 style=\"color:#ffffff;padding:px;text-align:center;font-size:12px;line-height:px;letter-spacing: 4px;font-weight:lighter\" class=\"   nd_options_second_font \">VILLA MIAMI<\/h5> <div style=\"background-color:;height: 10px\" class=\"nicdark_section  \"><\/div> <h2 style=\"color:#ffffff;padding:px;text-align:center;font-size:25px;line-height:25px;letter-spacing: px;font-weight:lighter\" class=\"   nd_options_first_font \">Guest rooms<\/h2> [\/vc_column_inner][\/vc_row_inner]<div style=\"background-color:;height: 20px\" class=\"nicdark_section  \"><\/div>[\/vc_column][\/vc_row]<\/p>\n","protected":false},"excerpt":{"rendered":"<p>[vc_row css=&#8221;.vc_custom_1492612814975{margin-top: 40px !important;margin-bottom: 40px !important;}&#8221;][vc_column width=&#8221;2\/3&#8243;][vc_column_text]The customer who signs this contract concluded for a fixed period will not be able under any circumstances to take advantage of any right to remain in the premises.[\/vc_column_text][vc_column_text]After receiving your reservation, we will send you a written confirmation by e-mail and invite you to pay a deposit of [&hellip;]<\/p>\n","protected":false},"author":1,"featured_media":0,"parent":0,"menu_order":0,"comment_status":"closed","ping_status":"closed","template":"","meta":{"footnotes":""},"class_list":["post-4433","page","type-page","status-publish","hentry"],"_links":{"self":[{"href":"https:\/\/www.villamiami.fr\/en\/wp-json\/wp\/v2\/pages\/4433","targetHints":{"allow":["GET"]}}],"collection":[{"href":"https:\/\/www.villamiami.fr\/en\/wp-json\/wp\/v2\/pages"}],"about":[{"href":"https:\/\/www.villamiami.fr\/en\/wp-json\/wp\/v2\/types\/page"}],"author":[{"embeddable":true,"href":"https:\/\/www.villamiami.fr\/en\/wp-json\/wp\/v2\/users\/1"}],"replies":[{"embeddable":true,"href":"https:\/\/www.villamiami.fr\/en\/wp-json\/wp\/v2\/comments?post=4433"}],"version-history":[{"count":7,"href":"https:\/\/www.villamiami.fr\/en\/wp-json\/wp\/v2\/pages\/4433\/revisions"}],"predecessor-version":[{"id":5511,"href":"https:\/\/www.villamiami.fr\/en\/wp-json\/wp\/v2\/pages\/4433\/revisions\/5511"}],"wp:attachment":[{"href":"https:\/\/www.villamiami.fr\/en\/wp-json\/wp\/v2\/media?parent=4433"}],"curies":[{"name":"wp","href":"https:\/\/api.w.org\/{rel}","templated":true}]}}