{"id":4503,"date":"2020-05-19T18:30:46","date_gmt":"2020-05-19T16:30:46","guid":{"rendered":"https:\/\/www.villamiami.fr\/activities\/"},"modified":"2022-09-27T16:56:58","modified_gmt":"2022-09-27T14:56:58","slug":"activities","status":"publish","type":"page","link":"https:\/\/www.villamiami.fr\/en\/activities\/","title":{"rendered":"Activities"},"content":{"rendered":"<p>[vc_row equal_height=&#8221;yes&#8221; content_placement=&#8221;middle&#8221; css=&#8221;.vc_custom_1589905386972{margin-top: 40px !important;background-color: #f9f9f9 !important;}&#8221;][vc_column]<div style=\"background-color:;height: 80px\" class=\"nicdark_section  \"><\/div> <h1 style=\"color:;padding:px;text-align:center;font-size:50px;line-height:px;letter-spacing: px;font-weight:lighter\" class=\"  nd_options_font_size_40_important_all_iphone nd_options_line_height_40_important_all_iphone nd_options_first_font \">ACTIVITIES<\/h1> <div style=\"background-color:;height: 30px\" class=\"nicdark_section  \"><\/div> <p style=\"color:;padding:px;text-align:center;font-size:px;line-height:px;letter-spacing: 2px;font-weight:lighter\" class=\"  nd_options_font_size_40_important_all_iphone nd_options_line_height_40_important_all_iphone nd_options_second_font \">- VILLA MIAMI -<\/p> [\/vc_column][\/vc_row][vc_row equal_height=&#8221;yes&#8221; content_placement=&#8221;top&#8221; css=&#8221;.vc_custom_1589905673538{background-color: #f9f9f9 !important;}&#8221;][vc_column width=&#8221;1\/2&#8243;]<div style=\"background-color:;height: 50px\" class=\"nicdark_section  \"><\/div>[vc_column_text]<strong>The Issambres coastline is a rocky coastline with dozens of small beaches, small creeks, creeks more beautiful than the others!<\/strong><br \/>\nFar from the crowds, those seeking peace and quiet will find their haven of peace and serenity, either within the villa and its facilities or directly by foot or bicycle, or simply by crossing the road. Don&#8217;t hesitate to discover the Gaillarde fishpond, classified as a historical monument, as well as the Chemin des Douaniers, a maritime path along the coast.<\/p>\n<p>A place that brings a little taste of paradise and inner peace&#8230;[\/vc_column_text]<div style=\"background-color:;height: 60px\" class=\"nicdark_section  \"><\/div>[\/vc_column][vc_column width=&#8221;1\/2&#8243;]<div style=\"background-color:;height: 50px\" class=\"nicdark_section  \"><\/div>[vc_column_text]<strong>For sportsmen,<\/strong> the municipal tennis courts are just a hundred meters away, with their feet in the water! This will be the ultimate temptation for fans of this sport, an extraordinary and unforgettable experience. An opportunity to get a taste for this activity&#8230;<\/p>\n<p>In addition, the friendly setting and environment of the house is rich in water activities:<br \/>\nFor snorkeling enthusiasts or for the more experienced, apnea enthusiasts, the site will allow you to discover the Mediterranean fauna and flora.[\/vc_column_text]<div style=\"background-color:;height: 60px\" class=\"nicdark_section  \"><\/div>[\/vc_column][\/vc_row][vc_row equal_height=&#8221;yes&#8221; content_placement=&#8221;top&#8221; css=&#8221;.vc_custom_1589905690221{background-color: #f9f9f9 !important;}&#8221;][vc_column width=&#8221;1\/2&#8243;][vc_column_text]<strong>For diving enthusiasts,<\/strong> we have in the Gulf of Saint-Tropez and a few miles away, extraordinary places like the Gabini\u00e8re in Port-Cros, the S\u00e8che \u00e0 l&#8217;Huile, the Sardinaux&#8230; and that&#8217;s without counting the TINTIN island in front of Saint Rapha\u00ebl as well as wrecks famous all over the world like the Rubis, the Donator, the Marcel, the Ferrando, the Relax&#8230;<br \/>\nIt is an exceptional maritime zone to be privileged to discover the extraordinary but so fragile wealth of the Mediterranean![\/vc_column_text]<div style=\"background-color:;height: 15px\" class=\"nicdark_section  \"><\/div><div style=\"background-color:;height: 30px\" class=\"nicdark_section  \"><\/div>[\/vc_column][vc_column width=&#8221;1\/2&#8243;][vc_column_text]And while the divers are making bubbles, <strong>shopping enthusiasts<\/strong> will not be left out: the Bateau Vert (water cab) will take you directly to Saint-Tropez throughout the day and will allow you to do your shopping in a very fun way and without having to endure the recurrent traffic jams to get there.[\/vc_column_text][vc_column_text]We invite you to consult our agenda for all the events of the Gulf which take place between May and October (festival of Jazz of Ramatuelle, festival of autumn of saint Tropez, without forgetting the Sails of saint-Tropez&#8230;).[\/vc_column_text]<div style=\"background-color:;height: 30px\" class=\"nicdark_section  \"><\/div><div style=\"background-color:;height: 30px\" class=\"nicdark_section  \"><\/div>[\/vc_column][vc_column]\n    <div style=\"text-align:center\" class=\"nd_options_section\">\n      <img decoding=\"async\" alt=\"\" style=\"width:large\" class=\" nd_options_margin_0 nd_options_padding_0 \" src=\"https:\/\/www.villamiami.fr\/wp-content\/uploads\/2020\/08\/VILLA-KANOE-PADDLE-2-scaled-1024x672.jpg\">\n    <\/div>\n   [\/vc_column][\/vc_row][vc_row full_width=&#8221;stretch_row&#8221; parallax=&#8221;content-moving&#8221; parallax_image=&#8221;2401&#8243; css=&#8221;.vc_custom_1590683803074{margin-top: 100px !important;padding-top: 100px !important;padding-bottom: 100px !important;}&#8221; el_class=&#8221;nd_options_vc_parallax_filter_2_5&#8243;][vc_column width=&#8221;2\/3&#8243;]\n\n    <div class=\"nd_options_section nd_options_position_relative call_to_action_about_2\">\n\n        <img decoding=\"async\" style=\"top:5px\" alt=\"\" class=\"nd_options_position_absolute nd_options_left_0\" width=\"50\" src=\"https:\/\/www.villamiami.fr\/wp-content\/uploads\/2019\/05\/icon-checked-white.png\">\n\n        <div style=\"padding-left:70px\" class=\"nd_options_section nd_options_box_sizing_border_box\">\n            \n            <h3 class=\"nd_options_first_font underline_phone \" style=\"margin:;color:#ffffff;font-size:30px;line-height:30px\">CONTACT-US ! <b>+33 (0)6.37.59.25.56<\/b><\/h3> \n            <p class=\"nd_options_second_font  \" style=\"margin:10px 0px 0px 0px;color:#ffffff;font-size:17px;line-height:27px\">Book your room now<\/p> \n            \n\n        <\/div>\n\n    <\/div>\n\n  [\/vc_column][vc_column width=&#8221;1\/3&#8243;]<div style=\"background-color:;height: 8px\" class=\"nicdark_section  \"><\/div>\n\t<div class=\"nd_options_section nd_options_text_align_center\">\n\t<a style=\"border: 1px solid #ffffff;border-radius:px;letter-spacing:4px;line-height:11px;font-size:11px;background-color:;padding:15px 20px;margin:;color:#ffffff\" rel=\"\" href=\"https:\/\/www.villamiami.fr\/en\/contact-reservation\/\" class=\"nicdark_display_inline_block  nd_options_font_weight_lighter nd_options_second_font nd_options_disable_lateral_border nd_options_float_left_responsive \">CONTACT<\/a>\n\t<\/div>\n[\/vc_column][\/vc_row]<\/p>\n","protected":false},"excerpt":{"rendered":"<p>[vc_row equal_height=&#8221;yes&#8221; content_placement=&#8221;middle&#8221; css=&#8221;.vc_custom_1589905386972{margin-top: 40px !important;background-color: #f9f9f9 !important;}&#8221;][vc_column][\/vc_column][\/vc_row][vc_row equal_height=&#8221;yes&#8221; content_placement=&#8221;top&#8221; css=&#8221;.vc_custom_1589905673538{background-color: #f9f9f9 !important;}&#8221;][vc_column width=&#8221;1\/2&#8243;][vc_column_text]The Issambres coastline is a rocky coastline with dozens of small beaches, small creeks, creeks more beautiful than the others! Far from the crowds, those seeking peace and quiet will find their haven of peace and serenity, either within the villa and [&hellip;]<\/p>\n","protected":false},"author":1,"featured_media":0,"parent":0,"menu_order":0,"comment_status":"closed","ping_status":"closed","template":"","meta":{"footnotes":""},"class_list":["post-4503","page","type-page","status-publish","hentry"],"_links":{"self":[{"href":"https:\/\/www.villamiami.fr\/en\/wp-json\/wp\/v2\/pages\/4503","targetHints":{"allow":["GET"]}}],"collection":[{"href":"https:\/\/www.villamiami.fr\/en\/wp-json\/wp\/v2\/pages"}],"about":[{"href":"https:\/\/www.villamiami.fr\/en\/wp-json\/wp\/v2\/types\/page"}],"author":[{"embeddable":true,"href":"https:\/\/www.villamiami.fr\/en\/wp-json\/wp\/v2\/users\/1"}],"replies":[{"embeddable":true,"href":"https:\/\/www.villamiami.fr\/en\/wp-json\/wp\/v2\/comments?post=4503"}],"version-history":[{"count":26,"href":"https:\/\/www.villamiami.fr\/en\/wp-json\/wp\/v2\/pages\/4503\/revisions"}],"predecessor-version":[{"id":5439,"href":"https:\/\/www.villamiami.fr\/en\/wp-json\/wp\/v2\/pages\/4503\/revisions\/5439"}],"wp:attachment":[{"href":"https:\/\/www.villamiami.fr\/en\/wp-json\/wp\/v2\/media?parent=4503"}],"curies":[{"name":"wp","href":"https:\/\/api.w.org\/{rel}","templated":true}]}}