{"id":4778,"date":"2020-05-19T13:59:16","date_gmt":"2020-05-19T11:59:16","guid":{"rendered":"https:\/\/www.villamiami.fr\/contact-reservation\/"},"modified":"2022-10-03T16:50:52","modified_gmt":"2022-10-03T14:50:52","slug":"contact-reservation","status":"publish","type":"page","link":"https:\/\/www.villamiami.fr\/en\/contact-reservation\/","title":{"rendered":"Contact\/Reservation"},"content":{"rendered":"<p>[vc_row css=&#8221;.vc_custom_1476343737841{margin-top: 60px !important;}&#8221;][vc_column width=&#8221;1\/2&#8243;][vc_column_text]Villa Miami is located on the French Riviera at the exit of Issambres, 50m from the sea shore between Sainte-Maxime and Saint-Aygulf. On the edge of the Mediterranean coast, Les Issambres is the southernmost district of Roquebrune-sur-Argens.[\/vc_column_text][\/vc_column][vc_column width=&#8221;1\/2&#8243;][vc_column_text]Villa Miami is located along Route Nationale 98, the Corniche road, east of the village of Sainte Maxime, facing south with a 210 degree sea view from the Gulf of Saint Tropez to Saint Raphael.[\/vc_column_text][\/vc_column][\/vc_row][vc_row css=&#8221;.vc_custom_1492593618245{margin-top: 40px !important;}&#8221;][vc_column width=&#8221;1\/2&#8243;]<div style=\"background-color:;height: 20px\" class=\"nicdark_section  \"><\/div> <h3 style=\"color:;padding:px;text-align:;font-size:20px;line-height:25px;letter-spacing: px;font-weight:lighter\" class=\"   nd_options_first_font \">Contact\/R\u00e9servation<\/h3> <div style=\"background-color:;height: 25px\" class=\"nicdark_section  \"><\/div>\n\n    <!--start form-->\n    <div id=\"nd_options_shortcode_cf7_1189\" class=\"nd_options_section \">\n      \n      <div class=\"nd_options_section nd_options_box_sizing_border_box\">\n        \n<div class=\"wpcf7 no-js\" id=\"wpcf7-f5207-o1\" lang=\"en-US\" dir=\"ltr\">\n<div class=\"screen-reader-response\"><p role=\"status\" aria-live=\"polite\" aria-atomic=\"true\"><\/p> <ul><\/ul><\/div>\n<form action=\"\/en\/wp-json\/wp\/v2\/pages\/4778#wpcf7-f5207-o1\" method=\"post\" class=\"wpcf7-form init\" aria-label=\"Contact form\" novalidate=\"novalidate\" data-status=\"init\">\n<input type=\"hidden\" name=\"_wpcf7\" value=\"5207\" \/><input type=\"hidden\" name=\"_wpcf7_version\" value=\"6.1.5\" \/><input type=\"hidden\" name=\"_wpcf7_locale\" value=\"en_US\" \/><input type=\"hidden\" name=\"_wpcf7_unit_tag\" value=\"wpcf7-f5207-o1\" \/><input type=\"hidden\" name=\"_wpcf7_container_post\" value=\"0\" \/><input type=\"hidden\" name=\"_wpcf7_posted_data_hash\" value=\"\" \/><input type=\"hidden\" name=\"_wpcf7_recaptcha_response\" value=\"\" \/>\n\n<p><label> First name * Last name<br \/>\n<span class=\"wpcf7-form-control-wrap\" data-name=\"name-form\"><input size=\"40\" class=\"wpcf7-form-control wpcf7-text wpcf7-validates-as-required\" aria-required=\"true\" aria-invalid=\"false\" value=\"\" type=\"text\" name=\"name-form\" \/><\/span> <\/label>\n<\/p>\n<p><label> Email *<br \/>\n<span class=\"wpcf7-form-control-wrap\" data-name=\"email\"><input size=\"40\" class=\"wpcf7-form-control wpcf7-email wpcf7-validates-as-required wpcf7-text wpcf7-validates-as-email\" aria-required=\"true\" aria-invalid=\"false\" value=\"\" type=\"email\" name=\"email\" \/><\/span> <\/label>\n<\/p>\n<p><label> Phone *<br \/>\n<span class=\"wpcf7-form-control-wrap\" data-name=\"tel-632\"><input size=\"40\" class=\"wpcf7-form-control wpcf7-tel wpcf7-validates-as-required wpcf7-text wpcf7-validates-as-tel\" aria-required=\"true\" aria-invalid=\"false\" value=\"\" type=\"tel\" name=\"tel-632\" \/><\/span> <\/label>\n<\/p>\n<p><label> Your message *<br \/>\n<span class=\"wpcf7-form-control-wrap\" data-name=\"message\"><textarea cols=\"40\" rows=\"10\" class=\"wpcf7-form-control wpcf7-textarea\" aria-invalid=\"false\" name=\"message\"><\/textarea><\/span> <\/label>\n<\/p>\n<p><input class=\"wpcf7-form-control wpcf7-submit has-spinner\" type=\"submit\" value=\"ENVOYER\" \/>\n<\/p><input type='hidden' class='wpcf7-pum' value='{\"closepopup\":false,\"closedelay\":0,\"openpopup\":false,\"openpopup_id\":0}' \/><div class=\"wpcf7-response-output\" aria-hidden=\"true\"><\/div>\n<\/form>\n<\/div>\n \n      <\/div>  \n\n    <\/div>\n    <!--end form-->\n\n   <div style=\"background-color:;height: 20px\" class=\"nicdark_section  \"><\/div>[\/vc_column][vc_column width=&#8221;1\/2&#8243;]<div style=\"background-color:;height: 20px\" class=\"nicdark_section  \"><\/div> <h3 style=\"color:;padding:px;text-align:;font-size:20px;line-height:25px;letter-spacing: px;font-weight:lighter\" class=\"   nd_options_first_font \">frequently asked Questions<\/h3> <div style=\"background-color:;height: 30px\" class=\"nicdark_section  \"><\/div>[vc_column_text]We welcome you in our home, in a house renovated in our image. We receive you as our guests, with the respect and pleasure that we owe to guests, even if there is a financial benefit.[\/vc_column_text]<div style=\"background-color:;height: 35px\" class=\"nicdark_section  \"><\/div>\n\n    <div class=\"nd_options_section nd_options_toogles_contact_2 \">\n\n      <div class=\"nd_options_section nd_options_box_sizing_border_box\">\n        <p class=\"nd_options_toogle_title nd_options_first_font nd_options_font_size_17 nd_options_position_relative nd_options_padding_right_20 nd_options_padding_top_5 nd_options_padding_left_45 nd_options_padding_bottom_5\">\n          <span style=\"background-color:#585f77\" class=\"nd_options_cursor_pointer nd_options_text_align_center nd_options_toogle_title_open_135 nd_options_width_25 nd_options_height_25  nd_options_position_absolute nd_options_top_0 nd_options_left_0\">\n            <img decoding=\"async\" alt=\"\" class=\"nd_options_margin_top_6\" width=\"12\" src=\"https:\/\/www.villamiami.fr\/wp-content\/plugins\/nd-shortcodes\/shortcodes\/custom\/toogle\/icon-add-white.png\">\n          <\/span> \n          <span style=\"background-color:#585f77\" class=\"nd_options_cursor_pointer nd_options_text_align_center nd_options_toogle_title_close_135 nd_options_width_25 nd_options_display_none nd_options_height_25  nd_options_position_absolute nd_options_top_0 nd_options_left_0\">\n            <img decoding=\"async\" alt=\"\" class=\"nd_options_margin_top_6\" width=\"12\" src=\"https:\/\/www.villamiami.fr\/wp-content\/plugins\/nd-shortcodes\/shortcodes\/custom\/toogle\/icon-less-white.png\">\n          <\/span>\n          Comment r\u00e9server votre s\u00e9jour ?\n        <\/p>\n      <\/div>\n      \n      <div class=\"nd_options_display_none nd_options_padding_20 nd_options_padding_left_45 nd_options_toogle_content_135 nd_options_section nd_options_box_sizing_border_box\">\n        <p>Un acompte vous sera demand\u00e9 lors de la r\u00e9servation apr\u00e8s vous l'avoir confirm\u00e9 par t\u00e9l\u00e9phone, par carte bancaire, par virement ou Paypal. Le paiement du solde du prix du s\u00e9jour s\u2019effectue 7 jours avant l\u2019arriv\u00e9e par carte bancaire, par virement ou Paypal.<\/p>\n      <\/div>\n\n    <\/div>\n\n   <div style=\"background-color:;height: 18px\" class=\"nicdark_section  \"><\/div>\n\n    <div class=\"nd_options_section nd_options_toogles_contact_2 \">\n\n      <div class=\"nd_options_section nd_options_box_sizing_border_box\">\n        <p class=\"nd_options_toogle_title nd_options_first_font nd_options_font_size_17 nd_options_position_relative nd_options_padding_right_20 nd_options_padding_top_5 nd_options_padding_left_45 nd_options_padding_bottom_5\">\n          <span style=\"background-color:#585f77\" class=\"nd_options_cursor_pointer nd_options_text_align_center nd_options_toogle_title_open_65 nd_options_width_25 nd_options_height_25  nd_options_position_absolute nd_options_top_0 nd_options_left_0\">\n            <img decoding=\"async\" alt=\"\" class=\"nd_options_margin_top_6\" width=\"12\" src=\"https:\/\/www.villamiami.fr\/wp-content\/plugins\/nd-shortcodes\/shortcodes\/custom\/toogle\/icon-add-white.png\">\n          <\/span> \n          <span style=\"background-color:#585f77\" class=\"nd_options_cursor_pointer nd_options_text_align_center nd_options_toogle_title_close_65 nd_options_width_25 nd_options_display_none nd_options_height_25  nd_options_position_absolute nd_options_top_0 nd_options_left_0\">\n            <img decoding=\"async\" alt=\"\" class=\"nd_options_margin_top_6\" width=\"12\" src=\"https:\/\/www.villamiami.fr\/wp-content\/plugins\/nd-shortcodes\/shortcodes\/custom\/toogle\/icon-less-white.png\">\n          <\/span>\n          Horaires d'arriv\u00e9e et de d\u00e9part ?\n        <\/p>\n      <\/div>\n      \n      <div class=\"nd_options_display_none nd_options_padding_20 nd_options_padding_left_45 nd_options_toogle_content_65 nd_options_section nd_options_box_sizing_border_box\">\n        <p>L\u2019arriv\u00e9e \u00e0 La Villa Miami et la prise de possession des chambres se font imp\u00e9rativement entre 16 h 00 (au plus t\u00f4t) et 19 h 00. L\u2019heure de lib\u00e9ration des chambres et de restitution des clefs \u00e9tant fix\u00e9e \u00e0 11h00 (au plus tard).<\/p>\n      <\/div>\n\n    <\/div>\n\n   <div style=\"background-color:;height: 18px\" class=\"nicdark_section  \"><\/div>\n\n    <div class=\"nd_options_section nd_options_toogles_contact_2 \">\n\n      <div class=\"nd_options_section nd_options_box_sizing_border_box\">\n        <p class=\"nd_options_toogle_title nd_options_first_font nd_options_font_size_17 nd_options_position_relative nd_options_padding_right_20 nd_options_padding_top_5 nd_options_padding_left_45 nd_options_padding_bottom_5\">\n          <span style=\"background-color:#585f77\" class=\"nd_options_cursor_pointer nd_options_text_align_center nd_options_toogle_title_open_77 nd_options_width_25 nd_options_height_25  nd_options_position_absolute nd_options_top_0 nd_options_left_0\">\n            <img decoding=\"async\" alt=\"\" class=\"nd_options_margin_top_6\" width=\"12\" src=\"https:\/\/www.villamiami.fr\/wp-content\/plugins\/nd-shortcodes\/shortcodes\/custom\/toogle\/icon-add-white.png\">\n          <\/span> \n          <span style=\"background-color:#585f77\" class=\"nd_options_cursor_pointer nd_options_text_align_center nd_options_toogle_title_close_77 nd_options_width_25 nd_options_display_none nd_options_height_25  nd_options_position_absolute nd_options_top_0 nd_options_left_0\">\n            <img decoding=\"async\" alt=\"\" class=\"nd_options_margin_top_6\" width=\"12\" src=\"https:\/\/www.villamiami.fr\/wp-content\/plugins\/nd-shortcodes\/shortcodes\/custom\/toogle\/icon-less-white.png\">\n          <\/span>\n          Quels sont les services inclus dans le s\u00e9jour ?\n        <\/p>\n      <\/div>\n      \n      <div class=\"nd_options_display_none nd_options_padding_20 nd_options_padding_left_45 nd_options_toogle_content_77 nd_options_section nd_options_box_sizing_border_box\">\n        <p>Les petits d\u00e9jeuners ainsi que la fourniture du linge de maison sont compris dans le prix de la chambre. Les petits d\u00e9jeuners se prennent entre 08h00 et 10h00. La Villa Miami met gratuitement une connexion \u00e0 l\u2019internet par l\u2019interm\u00e9diaire du Wi-Fi.<\/p>\n      <\/div>\n\n    <\/div>\n\n   <div style=\"background-color:;height: 18px\" class=\"nicdark_section  \"><\/div>\n\n    <div class=\"nd_options_section nd_options_toogles_contact_2 \">\n\n      <div class=\"nd_options_section nd_options_box_sizing_border_box\">\n        <p class=\"nd_options_toogle_title nd_options_first_font nd_options_font_size_17 nd_options_position_relative nd_options_padding_right_20 nd_options_padding_top_5 nd_options_padding_left_45 nd_options_padding_bottom_5\">\n          <span style=\"background-color:#585f77\" class=\"nd_options_cursor_pointer nd_options_text_align_center nd_options_toogle_title_open_791 nd_options_width_25 nd_options_height_25  nd_options_position_absolute nd_options_top_0 nd_options_left_0\">\n            <img decoding=\"async\" alt=\"\" class=\"nd_options_margin_top_6\" width=\"12\" src=\"https:\/\/www.villamiami.fr\/wp-content\/plugins\/nd-shortcodes\/shortcodes\/custom\/toogle\/icon-add-white.png\">\n          <\/span> \n          <span style=\"background-color:#585f77\" class=\"nd_options_cursor_pointer nd_options_text_align_center nd_options_toogle_title_close_791 nd_options_width_25 nd_options_display_none nd_options_height_25  nd_options_position_absolute nd_options_top_0 nd_options_left_0\">\n            <img decoding=\"async\" alt=\"\" class=\"nd_options_margin_top_6\" width=\"12\" src=\"https:\/\/www.villamiami.fr\/wp-content\/plugins\/nd-shortcodes\/shortcodes\/custom\/toogle\/icon-less-white.png\">\n          <\/span>\n          Y a t'il d'autres prestations ?\n        <\/p>\n      <\/div>\n      \n      <div class=\"nd_options_display_none nd_options_padding_20 nd_options_padding_left_45 nd_options_toogle_content_791 nd_options_section nd_options_box_sizing_border_box\">\n        <p>Nous proposons une carte de plats cuisin\u00e9s, sur commande. Une carte de Mojitos est \u00e0 votre disposition, les tarifs varient en fonction des ingr\u00e9dients et de la quantit\u00e9 : les volumes allant de 68cl \u00e0 2litres\u2026 L\u2019usage de la borne de recharge pour votre v\u00e9hicule \u00e9lectrique ( \u00e0 venir) est soumis \u00e0 facturation : 10 \u20ac avec un maximum de 4h de charge par jour. Mise \u00e0 disposition selon disponibilit\u00e9 de cano\u00e9 de mer et paddle pour personnes \u00e9tant famili\u00e8res \u00e0 leur usage et apr\u00e8s accord du propri\u00e9taire.<\/p>\n      <\/div>\n\n    <\/div>\n\n   <div style=\"background-color:;height: 18px\" class=\"nicdark_section  \"><\/div>\n\n    <div class=\"nd_options_section nd_options_toogles_contact_2 \">\n\n      <div class=\"nd_options_section nd_options_box_sizing_border_box\">\n        <p class=\"nd_options_toogle_title nd_options_first_font nd_options_font_size_17 nd_options_position_relative nd_options_padding_right_20 nd_options_padding_top_5 nd_options_padding_left_45 nd_options_padding_bottom_5\">\n          <span style=\"background-color:#585f77\" class=\"nd_options_cursor_pointer nd_options_text_align_center nd_options_toogle_title_open_430 nd_options_width_25 nd_options_height_25  nd_options_position_absolute nd_options_top_0 nd_options_left_0\">\n            <img decoding=\"async\" alt=\"\" class=\"nd_options_margin_top_6\" width=\"12\" src=\"https:\/\/www.villamiami.fr\/wp-content\/plugins\/nd-shortcodes\/shortcodes\/custom\/toogle\/icon-add-white.png\">\n          <\/span> \n          <span style=\"background-color:#585f77\" class=\"nd_options_cursor_pointer nd_options_text_align_center nd_options_toogle_title_close_430 nd_options_width_25 nd_options_display_none nd_options_height_25  nd_options_position_absolute nd_options_top_0 nd_options_left_0\">\n            <img decoding=\"async\" alt=\"\" class=\"nd_options_margin_top_6\" width=\"12\" src=\"https:\/\/www.villamiami.fr\/wp-content\/plugins\/nd-shortcodes\/shortcodes\/custom\/toogle\/icon-less-white.png\">\n          <\/span>\n          Les animaux sont ils autoris\u00e9s ?\n        <\/p>\n      <\/div>\n      \n      <div class=\"nd_options_display_none nd_options_padding_20 nd_options_padding_left_45 nd_options_toogle_content_430 nd_options_section nd_options_box_sizing_border_box\">\n        <p>Les animaux de compagnie ne sont pas autoris\u00e9s dans la propri\u00e9t\u00e9.<\/p>\n      <\/div>\n\n    <\/div>\n\n   <div style=\"background-color:;height: 18px\" class=\"nicdark_section  \"><\/div>\n\n    <div class=\"nd_options_section nd_options_toogles_contact_2 \">\n\n      <div class=\"nd_options_section nd_options_box_sizing_border_box\">\n        <p class=\"nd_options_toogle_title nd_options_first_font nd_options_font_size_17 nd_options_position_relative nd_options_padding_right_20 nd_options_padding_top_5 nd_options_padding_left_45 nd_options_padding_bottom_5\">\n          <span style=\"background-color:#585f77\" class=\"nd_options_cursor_pointer nd_options_text_align_center nd_options_toogle_title_open_60 nd_options_width_25 nd_options_height_25  nd_options_position_absolute nd_options_top_0 nd_options_left_0\">\n            <img decoding=\"async\" alt=\"\" class=\"nd_options_margin_top_6\" width=\"12\" src=\"https:\/\/www.villamiami.fr\/wp-content\/plugins\/nd-shortcodes\/shortcodes\/custom\/toogle\/icon-add-white.png\">\n          <\/span> \n          <span style=\"background-color:#585f77\" class=\"nd_options_cursor_pointer nd_options_text_align_center nd_options_toogle_title_close_60 nd_options_width_25 nd_options_display_none nd_options_height_25  nd_options_position_absolute nd_options_top_0 nd_options_left_0\">\n            <img decoding=\"async\" alt=\"\" class=\"nd_options_margin_top_6\" width=\"12\" src=\"https:\/\/www.villamiami.fr\/wp-content\/plugins\/nd-shortcodes\/shortcodes\/custom\/toogle\/icon-less-white.png\">\n          <\/span>\n          Oubli d'objets \u00e0 la villa ?\n        <\/p>\n      <\/div>\n      \n      <div class=\"nd_options_display_none nd_options_padding_20 nd_options_padding_left_45 nd_options_toogle_content_60 nd_options_section nd_options_box_sizing_border_box\">\n        <p>Chargeur de t\u00e9l\u00e9phone, bijou, paire de chaussures, \u2026 : tout objet oubli\u00e9 au cours d\u2019un s\u00e9jour \u00e0 La Villa Miami pourra \u00eatre retourn\u00e9 \u00e0 son propri\u00e9taire, moyennant le paiement pr\u00e9alable d\u2019une somme repr\u00e9sentant les frais d\u2019envoi.<\/p>\n      <\/div>\n\n    <\/div>\n\n   [\/vc_column][\/vc_row][vc_row][vc_column width=&#8221;1\/2&#8243;][\/vc_column][vc_column width=&#8221;1\/2&#8243;]<div style=\"background-color:;height: 30px\" class=\"nicdark_section  \"><\/div>\n\t<div class=\"nd_options_section nd_options_text_align_center\">\n\t<a style=\"border: 1px solid #7e7e7e;border-radius:px;letter-spacing:4px;line-height:11px;font-size:11px;background-color:;padding:15px 20px;margin:;color:\" rel=\"\" href=\"https:\/\/www.villamiami.fr\/en\/terms-and-conditions-of-sale\/\" class=\"nicdark_display_inline_block  nd_options_font_weight_lighter nd_options_second_font nd_options_disable_lateral_border \">TERMS AND CONDITIONS<\/a>\n\t<\/div>\n[\/vc_column][\/vc_row][vc_row full_width=&#8221;stretch_row&#8221; parallax=&#8221;content-moving&#8221; parallax_image=&#8221;2401&#8243; css=&#8221;.vc_custom_1590686616087{margin-top: 40px !important;padding-top: 80px !important;padding-bottom: 80px !important;background-position: center;background-repeat: no-repeat !important;background-size: cover !important;}&#8221; el_class=&#8221;nd_options_vc_parallax_filter_2_3&#8243;][vc_column] <h3 style=\"color:#ffffff;padding:px;text-align:center;font-size:13px;line-height:13px;letter-spacing: 2px;font-weight:lighter\" class=\"   nd_options_second_font \">CONTACTUS<\/h3> <div style=\"background-color:;height: 10px\" class=\"nicdark_section  \"><\/div> <h1 style=\"color:#ffffff;padding:px;text-align:center;font-size:30px;line-height:35px;letter-spacing: px;font-weight:lighter\" class=\"   nd_options_first_font \">A question, do not hesitate!<\/h1> [\/vc_column][\/vc_row][vc_row full_width=&#8221;stretch_row_content_no_spaces&#8221; css=&#8221;.vc_custom_1476114800174{margin-top: 0px !important;margin-bottom: 0px !important;}&#8221;][vc_column][vc_gmaps link=&#8221;#E-8_JTNDaWZyYW1lJTIwc3JjJTNEJTIyaHR0cHMlM0ElMkYlMkZ3d3cuZ29vZ2xlLmNvbSUyRm1hcHMlMkZlbWJlZCUzRnBiJTNEJTIxMW0xOCUyMTFtMTIlMjExbTMlMjExZDI5MDEuNDI4NTQ0NTc3NDU4JTIxMmQ2LjcxMTU1MjcxNTQ4NzgzMyUyMTNkNDMuMzQ3MTQ1Nzc5MTMzMDQlMjEybTMlMjExZjAlMjEyZjAlMjEzZjAlMjEzbTIlMjExaTEwMjQlMjEyaTc2OCUyMTRmMTMuMSUyMTNtMyUyMTFtMiUyMTFzMHgxMmNlYmU2NmUyNWFiYjJkJTI1M0EweDkzMmRlNzg1NDNiOGRhOTYlMjEyczI3JTI1MjBCb3VsZXZhcmQlMjUyMFN1biUyNTIwQmVhY2glMjUyQyUyNTIwODMzODAlMjUyMFJvcXVlYnJ1bmUtc3VyLUFyZ2VucyUyMTVlMCUyMTNtMiUyMTFzZnIlMjEyc2ZyJTIxNHYxNTkwNjg2Njc1NDMyJTIxNW0yJTIxMXNmciUyMTJzZnIlMjIlMjB3aWR0aCUzRCUyMjYwMCUyMiUyMGhlaWdodCUzRCUyMjQ1MCUyMiUyMGZyYW1lYm9yZGVyJTNEJTIyMCUyMiUyMHN0eWxlJTNEJTIyYm9yZGVyJTNBMCUzQiUyMiUyMGFsbG93ZnVsbHNjcmVlbiUzRCUyMiUyMiUyMGFyaWEtaGlkZGVuJTNEJTIyZmFsc2UlMjIlMjB0YWJpbmRleCUzRCUyMjAlMjIlM0UlM0MlMkZpZnJhbWUlM0U=&#8221;][\/vc_column][\/vc_row]<\/p>\n","protected":false},"excerpt":{"rendered":"<p>[vc_row css=&#8221;.vc_custom_1476343737841{margin-top: 60px !important;}&#8221;][vc_column width=&#8221;1\/2&#8243;][vc_column_text]Villa Miami is located on the French Riviera at the exit of Issambres, 50m from the sea shore between Sainte-Maxime and Saint-Aygulf. On the edge of the Mediterranean coast, Les Issambres is the southernmost district of Roquebrune-sur-Argens.[\/vc_column_text][\/vc_column][vc_column width=&#8221;1\/2&#8243;][vc_column_text]Villa Miami is located along Route Nationale 98, the Corniche road, east of the [&hellip;]<\/p>\n","protected":false},"author":1,"featured_media":0,"parent":0,"menu_order":0,"comment_status":"closed","ping_status":"closed","template":"","meta":{"footnotes":""},"class_list":["post-4778","page","type-page","status-publish","hentry"],"_links":{"self":[{"href":"https:\/\/www.villamiami.fr\/en\/wp-json\/wp\/v2\/pages\/4778","targetHints":{"allow":["GET"]}}],"collection":[{"href":"https:\/\/www.villamiami.fr\/en\/wp-json\/wp\/v2\/pages"}],"about":[{"href":"https:\/\/www.villamiami.fr\/en\/wp-json\/wp\/v2\/types\/page"}],"author":[{"embeddable":true,"href":"https:\/\/www.villamiami.fr\/en\/wp-json\/wp\/v2\/users\/1"}],"replies":[{"embeddable":true,"href":"https:\/\/www.villamiami.fr\/en\/wp-json\/wp\/v2\/comments?post=4778"}],"version-history":[{"count":9,"href":"https:\/\/www.villamiami.fr\/en\/wp-json\/wp\/v2\/pages\/4778\/revisions"}],"predecessor-version":[{"id":5503,"href":"https:\/\/www.villamiami.fr\/en\/wp-json\/wp\/v2\/pages\/4778\/revisions\/5503"}],"wp:attachment":[{"href":"https:\/\/www.villamiami.fr\/en\/wp-json\/wp\/v2\/media?parent=4778"}],"curies":[{"name":"wp","href":"https:\/\/api.w.org\/{rel}","templated":true}]}}